{"id":6137,"date":"2025-06-23T20:40:16","date_gmt":"2025-06-23T20:40:16","guid":{"rendered":"https:\/\/cni.hn\/?page_id=6137"},"modified":"2026-03-26T15:22:43","modified_gmt":"2026-03-26T15:22:43","slug":"recursos-para-la-inversion","status":"publish","type":"page","link":"https:\/\/cni.hn\/en\/recursos-cni\/recursos-para-la-inversion\/","title":{"rendered":"Recursos para la Inversi\u00f3n"},"content":{"rendered":"<div data-elementor-type=\"wp-page\" data-elementor-id=\"6137\" class=\"elementor elementor-6137\" data-elementor-post-type=\"page\">\n\t\t\t\t<div class=\"elementor-element elementor-element-f825ced e-flex e-con-boxed e-con e-parent\" data-id=\"f825ced\" data-element_type=\"container\">\n\t\t\t\t\t<div class=\"e-con-inner\">\n\t\t\t\t<div class=\"elementor-element elementor-element-45df071 elementor-widget elementor-widget-heading\" data-id=\"45df071\" data-element_type=\"widget\" data-widget_type=\"heading.default\">\n\t\t\t\t<div class=\"elementor-widget-container\">\n\t\t\t\t\t<h2 class=\"elementor-heading-title elementor-size-default\">Recursos para la Inversi\u00f3n<\/h2>\t\t\t\t<\/div>\n\t\t\t\t<\/div>\n\t\t<div class=\"elementor-element elementor-element-df1a2e9 e-con-full e-flex e-con e-child\" data-id=\"df1a2e9\" data-element_type=\"container\">\n\t\t<div class=\"elementor-element elementor-element-a26db8e e-con-full e-flex e-con e-child\" data-id=\"a26db8e\" data-element_type=\"container\" data-settings=\"{&quot;background_background&quot;:&quot;classic&quot;}\">\n\t\t<div class=\"elementor-element elementor-element-ca1bcb6 e-con-full e-flex e-con e-child\" data-id=\"ca1bcb6\" data-element_type=\"container\">\n\t\t<div class=\"elementor-element elementor-element-2cc7628 e-con-full e-flex e-con e-child\" data-id=\"2cc7628\" data-element_type=\"container\">\n\t\t\t\t<div class=\"elementor-element elementor-element-901150e elementor-widget elementor-widget-heading\" data-id=\"901150e\" data-element_type=\"widget\" data-widget_type=\"heading.default\">\n\t\t\t\t<div class=\"elementor-widget-container\">\n\t\t\t\t\t<h2 class=\"elementor-heading-title elementor-size-default\">Gu\u00eda para <span style=\"color:#25A966;\">Inversionistas<\/span><br><br><br><\/h2>\t\t\t\t<\/div>\n\t\t\t\t<\/div>\n\t\t\t\t<\/div>\n\t\t<div class=\"elementor-element elementor-element-6a7ae3a e-con-full e-flex e-con e-child\" data-id=\"6a7ae3a\" data-element_type=\"container\">\n\t\t\t\t<div class=\"elementor-element elementor-element-f4e48c1 elementor-widget elementor-widget-image\" data-id=\"f4e48c1\" data-element_type=\"widget\" data-widget_type=\"image.default\">\n\t\t\t\t<div class=\"elementor-widget-container\">\n\t\t\t\t\t\t\t\t\t\t\t\t\t\t\t<img fetchpriority=\"high\" decoding=\"async\" width=\"800\" height=\"800\" src=\"https:\/\/cni.hn\/wp-content\/uploads\/2026\/03\/Guia-Porque-Honduras-2.png\" class=\"attachment-large size-large wp-image-6969\" alt=\"\" srcset=\"https:\/\/cni.hn\/wp-content\/uploads\/2026\/03\/Guia-Porque-Honduras-2.png 880w, https:\/\/cni.hn\/wp-content\/uploads\/2026\/03\/Guia-Porque-Honduras-2-300x300.png 300w, https:\/\/cni.hn\/wp-content\/uploads\/2026\/03\/Guia-Porque-Honduras-2-150x150.png 150w, https:\/\/cni.hn\/wp-content\/uploads\/2026\/03\/Guia-Porque-Honduras-2-768x768.png 768w, https:\/\/cni.hn\/wp-content\/uploads\/2026\/03\/Guia-Porque-Honduras-2-12x12.png 12w\" sizes=\"(max-width: 800px) 100vw, 800px\" \/>\t\t\t\t\t\t\t\t\t\t\t\t\t\t\t<\/div>\n\t\t\t\t<\/div>\n\t\t\t\t<\/div>\n\t\t\t\t<\/div>\n\t\t<div class=\"elementor-element elementor-element-89b80c2 e-con-full e-flex e-con e-child\" data-id=\"89b80c2\" data-element_type=\"container\">\n\t\t\t\t<div class=\"elementor-element elementor-element-433a7e7 elementor-widget__width-initial elementor-widget elementor-widget-heading\" data-id=\"433a7e7\" data-element_type=\"widget\" data-widget_type=\"heading.default\">\n\t\t\t\t<div class=\"elementor-widget-container\">\n\t\t\t\t\t<h2 class=\"elementor-heading-title elementor-size-default\"><a href=\"https:\/\/online.flippingbook.com\/view\/972979540\/\" target=\"_blank\">Descargar<\/a><\/h2>\t\t\t\t<\/div>\n\t\t\t\t<\/div>\n\t\t\t\t<\/div>\n\t\t\t\t<\/div>\n\t\t<div class=\"elementor-element elementor-element-d3b2343 e-con-full e-flex e-con e-child\" data-id=\"d3b2343\" data-element_type=\"container\" data-settings=\"{&quot;background_background&quot;:&quot;classic&quot;}\">\n\t\t<div class=\"elementor-element elementor-element-fdc1e8d e-con-full e-flex e-con e-child\" data-id=\"fdc1e8d\" data-element_type=\"container\">\n\t\t<div class=\"elementor-element elementor-element-72d184b e-con-full e-flex e-con e-child\" data-id=\"72d184b\" data-element_type=\"container\">\n\t\t\t\t<div class=\"elementor-element elementor-element-081d830 elementor-widget elementor-widget-heading\" data-id=\"081d830\" data-element_type=\"widget\" data-widget_type=\"heading.default\">\n\t\t\t\t<div class=\"elementor-widget-container\">\n\t\t\t\t\t<h2 class=\"elementor-heading-title elementor-size-default\"><h2 data-elementor-setting-key=\"title\" data-pen-placeholder=\"Teclea aqu\u00ed...\" style=\"font-family: Montserrat, sans-serif; font-weight: 600; color: rgb(37, 42, 88); font-size: 32px; letter-spacing: -1px;\">Gu\u00eda Informativa sobre <span style=\"color: rgb(37, 169, 102);\">Comercio Exterior<\/span><\/h2><\/h2>\t\t\t\t<\/div>\n\t\t\t\t<\/div>\n\t\t\t\t<\/div>\n\t\t<div class=\"elementor-element elementor-element-9c1019c e-con-full e-flex e-con e-child\" data-id=\"9c1019c\" data-element_type=\"container\">\n\t\t\t\t<div class=\"elementor-element elementor-element-c3d5e0a elementor-widget elementor-widget-image\" data-id=\"c3d5e0a\" data-element_type=\"widget\" data-widget_type=\"image.default\">\n\t\t\t\t<div class=\"elementor-widget-container\">\n\t\t\t\t\t\t\t\t\t\t\t\t\t\t\t<img decoding=\"async\" width=\"800\" height=\"800\" src=\"https:\/\/cni.hn\/wp-content\/uploads\/2025\/06\/GUIA-INFORMATIVA-SOBRE-COMERCIO-EXTERIOR.png\" class=\"attachment-large size-large wp-image-6145\" alt=\"\" srcset=\"https:\/\/cni.hn\/wp-content\/uploads\/2025\/06\/GUIA-INFORMATIVA-SOBRE-COMERCIO-EXTERIOR.png 880w, https:\/\/cni.hn\/wp-content\/uploads\/2025\/06\/GUIA-INFORMATIVA-SOBRE-COMERCIO-EXTERIOR-300x300.png 300w, https:\/\/cni.hn\/wp-content\/uploads\/2025\/06\/GUIA-INFORMATIVA-SOBRE-COMERCIO-EXTERIOR-150x150.png 150w, https:\/\/cni.hn\/wp-content\/uploads\/2025\/06\/GUIA-INFORMATIVA-SOBRE-COMERCIO-EXTERIOR-768x768.png 768w, https:\/\/cni.hn\/wp-content\/uploads\/2025\/06\/GUIA-INFORMATIVA-SOBRE-COMERCIO-EXTERIOR-12x12.png 12w\" sizes=\"(max-width: 800px) 100vw, 800px\" \/>\t\t\t\t\t\t\t\t\t\t\t\t\t\t\t<\/div>\n\t\t\t\t<\/div>\n\t\t\t\t<\/div>\n\t\t\t\t<\/div>\n\t\t<div class=\"elementor-element elementor-element-a67455f e-con-full e-flex e-con e-child\" data-id=\"a67455f\" data-element_type=\"container\">\n\t\t\t\t<div class=\"elementor-element elementor-element-dea0577 elementor-widget__width-initial elementor-widget elementor-widget-heading\" data-id=\"dea0577\" data-element_type=\"widget\" data-widget_type=\"heading.default\">\n\t\t\t\t<div class=\"elementor-widget-container\">\n\t\t\t\t\t<h2 class=\"elementor-heading-title elementor-size-default\"><a href=\"https:\/\/cni.hn\/en\/resource\/guia-informativa-sobre-comercio-exterior\/\">Descargar<\/a><\/h2>\t\t\t\t<\/div>\n\t\t\t\t<\/div>\n\t\t\t\t<\/div>\n\t\t\t\t<\/div>\n\t\t\t\t<\/div>\n\t\t<div class=\"elementor-element elementor-element-6599fd5 e-con-full e-flex e-con e-child\" data-id=\"6599fd5\" data-element_type=\"container\">\n\t\t<div class=\"elementor-element elementor-element-ec680ea e-con-full e-flex e-con e-child\" data-id=\"ec680ea\" data-element_type=\"container\" data-settings=\"{&quot;background_background&quot;:&quot;classic&quot;}\">\n\t\t<div class=\"elementor-element elementor-element-52f9e7b e-con-full e-flex e-con e-child\" data-id=\"52f9e7b\" data-element_type=\"container\">\n\t\t<div class=\"elementor-element elementor-element-133f255 e-con-full e-flex e-con e-child\" data-id=\"133f255\" data-element_type=\"container\">\n\t\t\t\t<div class=\"elementor-element elementor-element-8662078 elementor-widget elementor-widget-heading\" data-id=\"8662078\" data-element_type=\"widget\" data-widget_type=\"heading.default\">\n\t\t\t\t<div class=\"elementor-widget-container\">\n\t\t\t\t\t<h2 class=\"elementor-heading-title elementor-size-default\">Gu\u00eda del  <span style=\"color:#25A966;\">Sector Agroalimentario<\/span><\/h2>\t\t\t\t<\/div>\n\t\t\t\t<\/div>\n\t\t\t\t<\/div>\n\t\t<div class=\"elementor-element elementor-element-ec1d88f e-con-full e-flex e-con e-child\" data-id=\"ec1d88f\" data-element_type=\"container\">\n\t\t\t\t<div class=\"elementor-element elementor-element-6d95900 elementor-widget elementor-widget-image\" data-id=\"6d95900\" data-element_type=\"widget\" data-widget_type=\"image.default\">\n\t\t\t\t<div class=\"elementor-widget-container\">\n\t\t\t\t\t\t\t\t\t\t\t\t\t\t\t<img decoding=\"async\" width=\"800\" height=\"800\" src=\"https:\/\/cni.hn\/wp-content\/uploads\/2026\/03\/Guia-del-Sector-Agroalimentario-2.png\" class=\"attachment-large size-large wp-image-6970\" alt=\"\" srcset=\"https:\/\/cni.hn\/wp-content\/uploads\/2026\/03\/Guia-del-Sector-Agroalimentario-2.png 880w, https:\/\/cni.hn\/wp-content\/uploads\/2026\/03\/Guia-del-Sector-Agroalimentario-2-300x300.png 300w, https:\/\/cni.hn\/wp-content\/uploads\/2026\/03\/Guia-del-Sector-Agroalimentario-2-150x150.png 150w, https:\/\/cni.hn\/wp-content\/uploads\/2026\/03\/Guia-del-Sector-Agroalimentario-2-768x768.png 768w, https:\/\/cni.hn\/wp-content\/uploads\/2026\/03\/Guia-del-Sector-Agroalimentario-2-12x12.png 12w\" sizes=\"(max-width: 800px) 100vw, 800px\" \/>\t\t\t\t\t\t\t\t\t\t\t\t\t\t\t<\/div>\n\t\t\t\t<\/div>\n\t\t\t\t<\/div>\n\t\t\t\t<\/div>\n\t\t<div class=\"elementor-element elementor-element-bc58a87 e-con-full e-flex e-con e-child\" data-id=\"bc58a87\" data-element_type=\"container\">\n\t\t\t\t<div class=\"elementor-element elementor-element-a65730e elementor-widget__width-initial elementor-widget elementor-widget-heading\" data-id=\"a65730e\" data-element_type=\"widget\" data-widget_type=\"heading.default\">\n\t\t\t\t<div class=\"elementor-widget-container\">\n\t\t\t\t\t<h2 class=\"elementor-heading-title elementor-size-default\"><a href=\"https:\/\/online.flippingbook.com\/view\/711329386\/\" target=\"_blank\">Descargar<\/a><\/h2>\t\t\t\t<\/div>\n\t\t\t\t<\/div>\n\t\t\t\t<\/div>\n\t\t\t\t<\/div>\n\t\t<div class=\"elementor-element elementor-element-cebfaa3 e-con-full e-flex e-con e-child\" data-id=\"cebfaa3\" data-element_type=\"container\" data-settings=\"{&quot;background_background&quot;:&quot;classic&quot;}\">\n\t\t<div class=\"elementor-element elementor-element-049da5f e-con-full e-flex e-con e-child\" data-id=\"049da5f\" data-element_type=\"container\">\n\t\t<div class=\"elementor-element elementor-element-69883f4 e-con-full e-flex e-con e-child\" data-id=\"69883f4\" data-element_type=\"container\">\n\t\t\t\t<div class=\"elementor-element elementor-element-0c87e2c elementor-widget elementor-widget-heading\" data-id=\"0c87e2c\" data-element_type=\"widget\" data-widget_type=\"heading.default\">\n\t\t\t\t<div class=\"elementor-widget-container\">\n\t\t\t\t\t<h2 class=\"elementor-heading-title elementor-size-default\">Gu\u00eda del <span style=\"color:#25A966;\">Sector  Infraestructura<\/span><\/h2>\t\t\t\t<\/div>\n\t\t\t\t<\/div>\n\t\t\t\t<\/div>\n\t\t<div class=\"elementor-element elementor-element-64e3c80 e-con-full e-flex e-con e-child\" data-id=\"64e3c80\" data-element_type=\"container\">\n\t\t\t\t<div class=\"elementor-element elementor-element-11a6f4f elementor-widget elementor-widget-image\" data-id=\"11a6f4f\" data-element_type=\"widget\" data-widget_type=\"image.default\">\n\t\t\t\t<div class=\"elementor-widget-container\">\n\t\t\t\t\t\t\t\t\t\t\t\t\t\t\t<img loading=\"lazy\" decoding=\"async\" width=\"800\" height=\"800\" src=\"https:\/\/cni.hn\/wp-content\/uploads\/2025\/06\/Guia-del-Sector-Infraestructura-1.png\" class=\"attachment-large size-large wp-image-6150\" alt=\"\" srcset=\"https:\/\/cni.hn\/wp-content\/uploads\/2025\/06\/Guia-del-Sector-Infraestructura-1.png 880w, https:\/\/cni.hn\/wp-content\/uploads\/2025\/06\/Guia-del-Sector-Infraestructura-1-300x300.png 300w, https:\/\/cni.hn\/wp-content\/uploads\/2025\/06\/Guia-del-Sector-Infraestructura-1-150x150.png 150w, https:\/\/cni.hn\/wp-content\/uploads\/2025\/06\/Guia-del-Sector-Infraestructura-1-768x768.png 768w, https:\/\/cni.hn\/wp-content\/uploads\/2025\/06\/Guia-del-Sector-Infraestructura-1-12x12.png 12w\" sizes=\"(max-width: 800px) 100vw, 800px\" \/>\t\t\t\t\t\t\t\t\t\t\t\t\t\t\t<\/div>\n\t\t\t\t<\/div>\n\t\t\t\t<\/div>\n\t\t\t\t<\/div>\n\t\t<div class=\"elementor-element elementor-element-4a5f007 e-con-full e-flex e-con e-child\" data-id=\"4a5f007\" data-element_type=\"container\">\n\t\t\t\t<div class=\"elementor-element elementor-element-8ccc0da elementor-widget__width-initial elementor-widget elementor-widget-heading\" data-id=\"8ccc0da\" data-element_type=\"widget\" data-widget_type=\"heading.default\">\n\t\t\t\t<div class=\"elementor-widget-container\">\n\t\t\t\t\t<h2 class=\"elementor-heading-title elementor-size-default\"><a href=\"https:\/\/online.flippingbook.com\/view\/995450799\/\" target=\"_blank\">Descargar<\/a><\/h2>\t\t\t\t<\/div>\n\t\t\t\t<\/div>\n\t\t\t\t<\/div>\n\t\t\t\t<\/div>\n\t\t\t\t<\/div>\n\t\t<div class=\"elementor-element elementor-element-e366b2a e-con-full e-flex e-con e-child\" data-id=\"e366b2a\" data-element_type=\"container\">\n\t\t<div class=\"elementor-element elementor-element-54a8b7b e-con-full e-flex e-con e-child\" data-id=\"54a8b7b\" data-element_type=\"container\" data-settings=\"{&quot;background_background&quot;:&quot;classic&quot;}\">\n\t\t<div class=\"elementor-element elementor-element-9f3c465 e-con-full e-flex e-con e-child\" data-id=\"9f3c465\" data-element_type=\"container\">\n\t\t<div class=\"elementor-element elementor-element-1e90d5a e-con-full e-flex e-con e-child\" data-id=\"1e90d5a\" data-element_type=\"container\">\n\t\t\t\t<div class=\"elementor-element elementor-element-81509a0 elementor-widget elementor-widget-heading\" data-id=\"81509a0\" data-element_type=\"widget\" data-widget_type=\"heading.default\">\n\t\t\t\t<div class=\"elementor-widget-container\">\n\t\t\t\t\t<h2 class=\"elementor-heading-title elementor-size-default\">Ley de <span style=\"color:#25A966;\">Fomento al turismo<\/span><\/h2>\t\t\t\t<\/div>\n\t\t\t\t<\/div>\n\t\t\t\t<\/div>\n\t\t<div class=\"elementor-element elementor-element-3f42c14 e-con-full e-flex e-con e-child\" data-id=\"3f42c14\" data-element_type=\"container\">\n\t\t\t\t<div class=\"elementor-element elementor-element-4c59c5e elementor-widget elementor-widget-image\" data-id=\"4c59c5e\" data-element_type=\"widget\" data-widget_type=\"image.default\">\n\t\t\t\t<div class=\"elementor-widget-container\">\n\t\t\t\t\t\t\t\t\t\t\t\t\t\t\t<img loading=\"lazy\" decoding=\"async\" width=\"800\" height=\"642\" src=\"https:\/\/cni.hn\/wp-content\/uploads\/2026\/03\/Ley-de-Fomento-al-Turismo-2.png\" class=\"attachment-large size-large wp-image-6988\" alt=\"\" srcset=\"https:\/\/cni.hn\/wp-content\/uploads\/2026\/03\/Ley-de-Fomento-al-Turismo-2.png 880w, https:\/\/cni.hn\/wp-content\/uploads\/2026\/03\/Ley-de-Fomento-al-Turismo-2-300x241.png 300w, https:\/\/cni.hn\/wp-content\/uploads\/2026\/03\/Ley-de-Fomento-al-Turismo-2-768x616.png 768w, https:\/\/cni.hn\/wp-content\/uploads\/2026\/03\/Ley-de-Fomento-al-Turismo-2-15x12.png 15w\" sizes=\"(max-width: 800px) 100vw, 800px\" \/>\t\t\t\t\t\t\t\t\t\t\t\t\t\t\t<\/div>\n\t\t\t\t<\/div>\n\t\t\t\t<\/div>\n\t\t\t\t<\/div>\n\t\t<div class=\"elementor-element elementor-element-978e4bc e-con-full e-flex e-con e-child\" data-id=\"978e4bc\" data-element_type=\"container\">\n\t\t\t\t<div class=\"elementor-element elementor-element-4b37652 elementor-widget__width-initial elementor-widget elementor-widget-heading\" data-id=\"4b37652\" data-element_type=\"widget\" data-widget_type=\"heading.default\">\n\t\t\t\t<div class=\"elementor-widget-container\">\n\t\t\t\t\t<h2 class=\"elementor-heading-title elementor-size-default\"><a href=\"https:\/\/cni.hn\/en\/resource\/ley-del-fomento-al-turismo\/\">Descargar<\/a><\/h2>\t\t\t\t<\/div>\n\t\t\t\t<\/div>\n\t\t\t\t<\/div>\n\t\t\t\t<\/div>\n\t\t<div class=\"elementor-element elementor-element-1504359 e-con-full e-flex e-con e-child\" data-id=\"1504359\" data-element_type=\"container\" data-settings=\"{&quot;background_background&quot;:&quot;classic&quot;}\">\n\t\t<div class=\"elementor-element elementor-element-e348a17 e-con-full e-flex e-con e-child\" data-id=\"e348a17\" data-element_type=\"container\">\n\t\t<div class=\"elementor-element elementor-element-0fc06df e-con-full e-flex e-con e-child\" data-id=\"0fc06df\" data-element_type=\"container\">\n\t\t\t\t<div class=\"elementor-element elementor-element-f4a1d83 elementor-widget elementor-widget-heading\" data-id=\"f4a1d83\" data-element_type=\"widget\" data-widget_type=\"heading.default\">\n\t\t\t\t<div class=\"elementor-widget-container\">\n\t\t\t\t\t<h2 class=\"elementor-heading-title elementor-size-default\">Portafolio de <span style=\"color:#25A966;\">Proyectos de Inversi\u00f3n<\/span><br><br><\/h2>\t\t\t\t<\/div>\n\t\t\t\t<\/div>\n\t\t\t\t<\/div>\n\t\t<div class=\"elementor-element elementor-element-f2c5401 e-con-full e-flex e-con e-child\" data-id=\"f2c5401\" data-element_type=\"container\">\n\t\t\t\t<div class=\"elementor-element elementor-element-7cae12f elementor-widget elementor-widget-image\" data-id=\"7cae12f\" data-element_type=\"widget\" data-widget_type=\"image.default\">\n\t\t\t\t<div class=\"elementor-widget-container\">\n\t\t\t\t\t\t\t\t\t\t\t\t\t\t\t<img loading=\"lazy\" decoding=\"async\" width=\"800\" height=\"473\" src=\"https:\/\/cni.hn\/wp-content\/uploads\/2025\/06\/Etapas-de-un-Proyecto-de-Inversion_Folleto.png\" class=\"attachment-large size-large wp-image-6142\" alt=\"\" srcset=\"https:\/\/cni.hn\/wp-content\/uploads\/2025\/06\/Etapas-de-un-Proyecto-de-Inversion_Folleto.png 880w, https:\/\/cni.hn\/wp-content\/uploads\/2025\/06\/Etapas-de-un-Proyecto-de-Inversion_Folleto-300x177.png 300w, https:\/\/cni.hn\/wp-content\/uploads\/2025\/06\/Etapas-de-un-Proyecto-de-Inversion_Folleto-768x454.png 768w, https:\/\/cni.hn\/wp-content\/uploads\/2025\/06\/Etapas-de-un-Proyecto-de-Inversion_Folleto-18x12.png 18w\" sizes=\"(max-width: 800px) 100vw, 800px\" \/>\t\t\t\t\t\t\t\t\t\t\t\t\t\t\t<\/div>\n\t\t\t\t<\/div>\n\t\t\t\t<\/div>\n\t\t\t\t<\/div>\n\t\t<div class=\"elementor-element elementor-element-0a7ea50 e-con-full e-flex e-con e-child\" data-id=\"0a7ea50\" data-element_type=\"container\">\n\t\t\t\t<div class=\"elementor-element elementor-element-0f01c4f elementor-widget__width-initial elementor-widget elementor-widget-heading\" data-id=\"0f01c4f\" data-element_type=\"widget\" data-widget_type=\"heading.default\">\n\t\t\t\t<div class=\"elementor-widget-container\">\n\t\t\t\t\t<h2 class=\"elementor-heading-title elementor-size-default\"><a href=\"https:\/\/cni.hn\/en\/resource\/etapas-de-un-proyecto-de-inversion\/\">Descargar<\/a><\/h2>\t\t\t\t<\/div>\n\t\t\t\t<\/div>\n\t\t\t\t<\/div>\n\t\t\t\t<\/div>\n\t\t\t\t<\/div>\n\t\t\t\t\t<\/div>\n\t\t\t\t<\/div>\n\t\t\t\t<\/div>","protected":false},"excerpt":{"rendered":"<p>Recursos para la Inversi\u00f3n Gu\u00eda para Inversionistas Descargar Gu\u00eda Informativa sobre Comercio Exterior Descargar Gu\u00eda del Sector Agroalimentario Descargar Gu\u00eda del Sector Infraestructura Descargar Ley de Fomento al turismo Descargar Portafolio de Proyectos de Inversi\u00f3n Descargar<\/p>","protected":false},"author":2,"featured_media":0,"parent":1634,"menu_order":0,"comment_status":"closed","ping_status":"closed","template":"","meta":{"footnotes":""},"class_list":["post-6137","page","type-page","status-publish","hentry"],"yoast_head":"<!-- This site is optimized with the Yoast SEO plugin v24.8.1 - https:\/\/yoast.com\/wordpress\/plugins\/seo\/ -->\n<title>Recursos para la Inversi\u00f3n - CNI Honduras<\/title>\n<meta name=\"robots\" content=\"index, follow, max-snippet:-1, max-image-preview:large, max-video-preview:-1\" \/>\n<link rel=\"canonical\" href=\"https:\/\/cni.hn\/en\/recursos-cni\/recursos-para-la-inversion\/\" \/>\n<meta property=\"og:locale\" content=\"en_US\" \/>\n<meta property=\"og:type\" content=\"article\" \/>\n<meta property=\"og:title\" content=\"Recursos para la Inversi\u00f3n - CNI Honduras\" \/>\n<meta property=\"og:description\" content=\"Recursos para la Inversi\u00f3n Gu\u00eda para Inversionistas Descargar Gu\u00eda Informativa sobre Comercio Exterior Descargar Gu\u00eda del Sector Agroalimentario Descargar Gu\u00eda del Sector Infraestructura Descargar Ley de Fomento al turismo Descargar Portafolio de Proyectos de Inversi\u00f3n Descargar\" \/>\n<meta property=\"og:url\" content=\"https:\/\/cni.hn\/en\/recursos-cni\/recursos-para-la-inversion\/\" \/>\n<meta property=\"og:site_name\" content=\"CNI Honduras\" \/>\n<meta property=\"article:modified_time\" content=\"2026-03-26T15:22:43+00:00\" \/>\n<meta property=\"og:image\" content=\"https:\/\/cni.hn\/wp-content\/uploads\/2026\/03\/Guia-Porque-Honduras-2.png\" \/>\n\t<meta property=\"og:image:width\" content=\"880\" \/>\n\t<meta property=\"og:image:height\" content=\"880\" \/>\n\t<meta property=\"og:image:type\" content=\"image\/png\" \/>\n<meta name=\"twitter:card\" content=\"summary_large_image\" \/>\n<meta name=\"twitter:label1\" content=\"Est. reading time\" \/>\n\t<meta name=\"twitter:data1\" content=\"2 minutes\" \/>\n<script type=\"application\/ld+json\" class=\"yoast-schema-graph\">{\"@context\":\"https:\/\/schema.org\",\"@graph\":[{\"@type\":\"WebPage\",\"@id\":\"https:\/\/cni.hn\/recursos-cni\/recursos-para-la-inversion\/\",\"url\":\"https:\/\/cni.hn\/recursos-cni\/recursos-para-la-inversion\/\",\"name\":\"Recursos para la Inversi\u00f3n - CNI Honduras\",\"isPartOf\":{\"@id\":\"https:\/\/cni.hn\/#website\"},\"primaryImageOfPage\":{\"@id\":\"https:\/\/cni.hn\/recursos-cni\/recursos-para-la-inversion\/#primaryimage\"},\"image\":{\"@id\":\"https:\/\/cni.hn\/recursos-cni\/recursos-para-la-inversion\/#primaryimage\"},\"thumbnailUrl\":\"https:\/\/cni.hn\/wp-content\/uploads\/2026\/03\/Guia-Porque-Honduras-2.png\",\"datePublished\":\"2025-06-23T20:40:16+00:00\",\"dateModified\":\"2026-03-26T15:22:43+00:00\",\"breadcrumb\":{\"@id\":\"https:\/\/cni.hn\/recursos-cni\/recursos-para-la-inversion\/#breadcrumb\"},\"inLanguage\":\"en-US\",\"potentialAction\":[{\"@type\":\"ReadAction\",\"target\":[\"https:\/\/cni.hn\/recursos-cni\/recursos-para-la-inversion\/\"]}]},{\"@type\":\"ImageObject\",\"inLanguage\":\"en-US\",\"@id\":\"https:\/\/cni.hn\/recursos-cni\/recursos-para-la-inversion\/#primaryimage\",\"url\":\"https:\/\/cni.hn\/wp-content\/uploads\/2026\/03\/Guia-Porque-Honduras-2.png\",\"contentUrl\":\"https:\/\/cni.hn\/wp-content\/uploads\/2026\/03\/Guia-Porque-Honduras-2.png\"},{\"@type\":\"BreadcrumbList\",\"@id\":\"https:\/\/cni.hn\/recursos-cni\/recursos-para-la-inversion\/#breadcrumb\",\"itemListElement\":[{\"@type\":\"ListItem\",\"position\":1,\"name\":\"Home\",\"item\":\"https:\/\/cni.hn\/\"},{\"@type\":\"ListItem\",\"position\":2,\"name\":\"Recursos CNI\",\"item\":\"https:\/\/cni.hn\/recursos-cni\/\"},{\"@type\":\"ListItem\",\"position\":3,\"name\":\"Recursos para la Inversi\u00f3n\"}]},{\"@type\":\"WebSite\",\"@id\":\"https:\/\/cni.hn\/#website\",\"url\":\"https:\/\/cni.hn\/\",\"name\":\"CNI Honduras\",\"description\":\"\",\"potentialAction\":[{\"@type\":\"SearchAction\",\"target\":{\"@type\":\"EntryPoint\",\"urlTemplate\":\"https:\/\/cni.hn\/?s={search_term_string}\"},\"query-input\":{\"@type\":\"PropertyValueSpecification\",\"valueRequired\":true,\"valueName\":\"search_term_string\"}}],\"inLanguage\":\"en-US\"}]}<\/script>\n<!-- \/ Yoast SEO plugin. -->","yoast_head_json":{"title":"Recursos para la Inversi\u00f3n - CNI Honduras","robots":{"index":"index","follow":"follow","max-snippet":"max-snippet:-1","max-image-preview":"max-image-preview:large","max-video-preview":"max-video-preview:-1"},"canonical":"https:\/\/cni.hn\/en\/recursos-cni\/recursos-para-la-inversion\/","og_locale":"en_US","og_type":"article","og_title":"Recursos para la Inversi\u00f3n - CNI Honduras","og_description":"Recursos para la Inversi\u00f3n Gu\u00eda para Inversionistas Descargar Gu\u00eda Informativa sobre Comercio Exterior Descargar Gu\u00eda del Sector Agroalimentario Descargar Gu\u00eda del Sector Infraestructura Descargar Ley de Fomento al turismo Descargar Portafolio de Proyectos de Inversi\u00f3n Descargar","og_url":"https:\/\/cni.hn\/en\/recursos-cni\/recursos-para-la-inversion\/","og_site_name":"CNI Honduras","article_modified_time":"2026-03-26T15:22:43+00:00","og_image":[{"width":880,"height":880,"url":"https:\/\/cni.hn\/wp-content\/uploads\/2026\/03\/Guia-Porque-Honduras-2.png","type":"image\/png"}],"twitter_card":"summary_large_image","twitter_misc":{"Est. reading time":"2 minutes"},"schema":{"@context":"https:\/\/schema.org","@graph":[{"@type":"WebPage","@id":"https:\/\/cni.hn\/recursos-cni\/recursos-para-la-inversion\/","url":"https:\/\/cni.hn\/recursos-cni\/recursos-para-la-inversion\/","name":"Recursos para la Inversi\u00f3n - CNI Honduras","isPartOf":{"@id":"https:\/\/cni.hn\/#website"},"primaryImageOfPage":{"@id":"https:\/\/cni.hn\/recursos-cni\/recursos-para-la-inversion\/#primaryimage"},"image":{"@id":"https:\/\/cni.hn\/recursos-cni\/recursos-para-la-inversion\/#primaryimage"},"thumbnailUrl":"https:\/\/cni.hn\/wp-content\/uploads\/2026\/03\/Guia-Porque-Honduras-2.png","datePublished":"2025-06-23T20:40:16+00:00","dateModified":"2026-03-26T15:22:43+00:00","breadcrumb":{"@id":"https:\/\/cni.hn\/recursos-cni\/recursos-para-la-inversion\/#breadcrumb"},"inLanguage":"en-US","potentialAction":[{"@type":"ReadAction","target":["https:\/\/cni.hn\/recursos-cni\/recursos-para-la-inversion\/"]}]},{"@type":"ImageObject","inLanguage":"en-US","@id":"https:\/\/cni.hn\/recursos-cni\/recursos-para-la-inversion\/#primaryimage","url":"https:\/\/cni.hn\/wp-content\/uploads\/2026\/03\/Guia-Porque-Honduras-2.png","contentUrl":"https:\/\/cni.hn\/wp-content\/uploads\/2026\/03\/Guia-Porque-Honduras-2.png"},{"@type":"BreadcrumbList","@id":"https:\/\/cni.hn\/recursos-cni\/recursos-para-la-inversion\/#breadcrumb","itemListElement":[{"@type":"ListItem","position":1,"name":"Home","item":"https:\/\/cni.hn\/"},{"@type":"ListItem","position":2,"name":"Recursos CNI","item":"https:\/\/cni.hn\/recursos-cni\/"},{"@type":"ListItem","position":3,"name":"Recursos para la Inversi\u00f3n"}]},{"@type":"WebSite","@id":"https:\/\/cni.hn\/#website","url":"https:\/\/cni.hn\/","name":"CNI Honduras","description":"","potentialAction":[{"@type":"SearchAction","target":{"@type":"EntryPoint","urlTemplate":"https:\/\/cni.hn\/?s={search_term_string}"},"query-input":{"@type":"PropertyValueSpecification","valueRequired":true,"valueName":"search_term_string"}}],"inLanguage":"en-US"}]}},"_links":{"self":[{"href":"https:\/\/cni.hn\/en\/wp-json\/wp\/v2\/pages\/6137","targetHints":{"allow":["GET"]}}],"collection":[{"href":"https:\/\/cni.hn\/en\/wp-json\/wp\/v2\/pages"}],"about":[{"href":"https:\/\/cni.hn\/en\/wp-json\/wp\/v2\/types\/page"}],"author":[{"embeddable":true,"href":"https:\/\/cni.hn\/en\/wp-json\/wp\/v2\/users\/2"}],"replies":[{"embeddable":true,"href":"https:\/\/cni.hn\/en\/wp-json\/wp\/v2\/comments?post=6137"}],"version-history":[{"count":0,"href":"https:\/\/cni.hn\/en\/wp-json\/wp\/v2\/pages\/6137\/revisions"}],"up":[{"embeddable":true,"href":"https:\/\/cni.hn\/en\/wp-json\/wp\/v2\/pages\/1634"}],"wp:attachment":[{"href":"https:\/\/cni.hn\/en\/wp-json\/wp\/v2\/media?parent=6137"}],"curies":[{"name":"wp","href":"https:\/\/api.w.org\/{rel}","templated":true}]}}