{"id":6125,"date":"2025-06-10T20:58:04","date_gmt":"2025-06-10T20:58:04","guid":{"rendered":"https:\/\/cni.hn\/?page_id=6125"},"modified":"2025-09-03T21:46:35","modified_gmt":"2025-09-03T21:46:35","slug":"oportunidades-de-inversion","status":"publish","type":"page","link":"https:\/\/cni.hn\/en\/recursos-cni\/oportunidades-de-inversion\/","title":{"rendered":"Oportunidades de Inversion"},"content":{"rendered":"<div data-elementor-type=\"wp-page\" data-elementor-id=\"6125\" class=\"elementor elementor-6125\" data-elementor-post-type=\"page\">\n\t\t\t\t<div class=\"elementor-element elementor-element-f825ced e-flex e-con-boxed e-con e-parent\" data-id=\"f825ced\" data-element_type=\"container\">\n\t\t\t\t\t<div class=\"e-con-inner\">\n\t\t\t\t<div class=\"elementor-element elementor-element-45df071 elementor-widget elementor-widget-heading\" data-id=\"45df071\" data-element_type=\"widget\" data-widget_type=\"heading.default\">\n\t\t\t\t<div class=\"elementor-widget-container\">\n\t\t\t\t\t<h2 class=\"elementor-heading-title elementor-size-default\">Oportunidades de Inversi\u00f3n<\/h2>\t\t\t\t<\/div>\n\t\t\t\t<\/div>\n\t\t\t\t\t<\/div>\n\t\t\t\t<\/div>\n\t\t<div class=\"elementor-element elementor-element-59ee2e4 e-flex e-con-boxed e-con e-parent\" data-id=\"59ee2e4\" data-element_type=\"container\">\n\t\t\t\t\t<div class=\"e-con-inner\">\n\t\t<div class=\"elementor-element elementor-element-fe42a3b e-con-full e-flex e-con e-child\" data-id=\"fe42a3b\" data-element_type=\"container\">\n\t\t<div class=\"elementor-element elementor-element-b23dac3 e-con-full e-flex e-con e-child\" data-id=\"b23dac3\" data-element_type=\"container\" data-settings=\"{&quot;background_background&quot;:&quot;classic&quot;}\">\n\t\t<div class=\"elementor-element elementor-element-6feafa4 e-con-full e-flex e-con e-child\" data-id=\"6feafa4\" data-element_type=\"container\">\n\t\t<div class=\"elementor-element elementor-element-de5e960 e-con-full e-flex e-con e-child\" data-id=\"de5e960\" data-element_type=\"container\">\n\t\t\t\t<div class=\"elementor-element elementor-element-9b3ff05 elementor-widget elementor-widget-heading\" data-id=\"9b3ff05\" data-element_type=\"widget\" data-widget_type=\"heading.default\">\n\t\t\t\t<div class=\"elementor-widget-container\">\n\t\t\t\t\t<h2 class=\"elementor-heading-title elementor-size-default\">Agroindustria <\/h2>\t\t\t\t<\/div>\n\t\t\t\t<\/div>\n\t\t\t\t<\/div>\n\t\t<div class=\"elementor-element elementor-element-937761a e-con-full e-flex e-con e-child\" data-id=\"937761a\" data-element_type=\"container\">\n\t\t\t\t<div class=\"elementor-element elementor-element-13b3263 elementor-widget elementor-widget-image\" data-id=\"13b3263\" data-element_type=\"widget\" data-widget_type=\"image.default\">\n\t\t\t\t<div class=\"elementor-widget-container\">\n\t\t\t\t\t\t\t\t\t\t\t\t\t\t\t<img fetchpriority=\"high\" decoding=\"async\" width=\"758\" height=\"592\" src=\"https:\/\/cni.hn\/wp-content\/uploads\/2025\/06\/Opportunity-card-CNI-Agroindustria-1.png\" class=\"attachment-large size-large wp-image-6129\" alt=\"\" srcset=\"https:\/\/cni.hn\/wp-content\/uploads\/2025\/06\/Opportunity-card-CNI-Agroindustria-1.png 758w, https:\/\/cni.hn\/wp-content\/uploads\/2025\/06\/Opportunity-card-CNI-Agroindustria-1-300x234.png 300w, https:\/\/cni.hn\/wp-content\/uploads\/2025\/06\/Opportunity-card-CNI-Agroindustria-1-15x12.png 15w\" sizes=\"(max-width: 758px) 100vw, 758px\" \/>\t\t\t\t\t\t\t\t\t\t\t\t\t\t\t<\/div>\n\t\t\t\t<\/div>\n\t\t\t\t<\/div>\n\t\t\t\t<\/div>\n\t\t<div class=\"elementor-element elementor-element-e8ad4ad e-con-full e-flex e-con e-child\" data-id=\"e8ad4ad\" data-element_type=\"container\">\n\t\t\t\t<div class=\"elementor-element elementor-element-ce0e526 elementor-widget__width-initial elementor-widget elementor-widget-heading\" data-id=\"ce0e526\" data-element_type=\"widget\" data-widget_type=\"heading.default\">\n\t\t\t\t<div class=\"elementor-widget-container\">\n\t\t\t\t\t<h3 class=\"elementor-heading-title elementor-size-default\"><a href=\"https:\/\/cni.hn\/en\/resource\/opportunity-card-cni-agroindustria\/\" target=\"_blank\">Descargar<\/a><\/h3>\t\t\t\t<\/div>\n\t\t\t\t<\/div>\n\t\t\t\t<\/div>\n\t\t\t\t<\/div>\n\t\t<div class=\"elementor-element elementor-element-f817b9b e-con-full e-flex e-con e-child\" data-id=\"f817b9b\" data-element_type=\"container\" data-settings=\"{&quot;background_background&quot;:&quot;classic&quot;}\">\n\t\t<div class=\"elementor-element elementor-element-c7474fe e-con-full e-flex e-con e-child\" data-id=\"c7474fe\" data-element_type=\"container\">\n\t\t<div class=\"elementor-element elementor-element-5d2cfcc e-con-full e-flex e-con e-child\" data-id=\"5d2cfcc\" data-element_type=\"container\">\n\t\t\t\t<div class=\"elementor-element elementor-element-c8b1caa elementor-widget elementor-widget-heading\" data-id=\"c8b1caa\" data-element_type=\"widget\" data-widget_type=\"heading.default\">\n\t\t\t\t<div class=\"elementor-widget-container\">\n\t\t\t\t\t<h2 class=\"elementor-heading-title elementor-size-default\">Infraestructura: <br><font color=\"#25a966\">Construcci\u00f3n<\/font><\/h2>\t\t\t\t<\/div>\n\t\t\t\t<\/div>\n\t\t\t\t<\/div>\n\t\t<div class=\"elementor-element elementor-element-1b00c31 e-con-full e-flex e-con e-child\" data-id=\"1b00c31\" data-element_type=\"container\">\n\t\t\t\t<div class=\"elementor-element elementor-element-9e2fea9 elementor-widget elementor-widget-image\" data-id=\"9e2fea9\" data-element_type=\"widget\" data-widget_type=\"image.default\">\n\t\t\t\t<div class=\"elementor-widget-container\">\n\t\t\t\t\t\t\t\t\t\t\t\t\t\t\t<img decoding=\"async\" width=\"758\" height=\"592\" src=\"https:\/\/cni.hn\/wp-content\/uploads\/2025\/06\/Portada_Opportunity-1.png\" class=\"attachment-large size-large wp-image-6130\" alt=\"\" srcset=\"https:\/\/cni.hn\/wp-content\/uploads\/2025\/06\/Portada_Opportunity-1.png 758w, https:\/\/cni.hn\/wp-content\/uploads\/2025\/06\/Portada_Opportunity-1-300x234.png 300w, https:\/\/cni.hn\/wp-content\/uploads\/2025\/06\/Portada_Opportunity-1-15x12.png 15w\" sizes=\"(max-width: 758px) 100vw, 758px\" \/>\t\t\t\t\t\t\t\t\t\t\t\t\t\t\t<\/div>\n\t\t\t\t<\/div>\n\t\t\t\t<\/div>\n\t\t\t\t<\/div>\n\t\t<div class=\"elementor-element elementor-element-ce126e9 e-con-full e-flex e-con e-child\" data-id=\"ce126e9\" data-element_type=\"container\">\n\t\t\t\t<div class=\"elementor-element elementor-element-052266a elementor-widget__width-initial elementor-widget elementor-widget-heading\" data-id=\"052266a\" data-element_type=\"widget\" data-widget_type=\"heading.default\">\n\t\t\t\t<div class=\"elementor-widget-container\">\n\t\t\t\t\t<h2 class=\"elementor-heading-title elementor-size-default\"><a href=\"https:\/\/cni.hn\/en\/resource\/opportunity-card-cni-construccion\/\" target=\"_blank\">Descargar<\/a><\/h2>\t\t\t\t<\/div>\n\t\t\t\t<\/div>\n\t\t\t\t<\/div>\n\t\t\t\t<\/div>\n\t\t<div class=\"elementor-element elementor-element-bf873bc e-con-full e-flex e-con e-child\" data-id=\"bf873bc\" data-element_type=\"container\" data-settings=\"{&quot;background_background&quot;:&quot;classic&quot;}\">\n\t\t<div class=\"elementor-element elementor-element-3cac2f4 e-con-full e-flex e-con e-child\" data-id=\"3cac2f4\" data-element_type=\"container\">\n\t\t<div class=\"elementor-element elementor-element-c0977a8 e-con-full e-flex e-con e-child\" data-id=\"c0977a8\" data-element_type=\"container\">\n\t\t\t\t<div class=\"elementor-element elementor-element-9c3e98c elementor-widget elementor-widget-heading\" data-id=\"9c3e98c\" data-element_type=\"widget\" data-widget_type=\"heading.default\">\n\t\t\t\t<div class=\"elementor-widget-container\">\n\t\t\t\t\t<h2 class=\"elementor-heading-title elementor-size-default\">Infraestructura:<br><span style=\"color: rgb(37, 169, 102);\">Log\u00edstica<\/span><br><\/h2>\t\t\t\t<\/div>\n\t\t\t\t<\/div>\n\t\t\t\t<\/div>\n\t\t<div class=\"elementor-element elementor-element-06cb0eb e-con-full e-flex e-con e-child\" data-id=\"06cb0eb\" data-element_type=\"container\">\n\t\t\t\t<div class=\"elementor-element elementor-element-d4c9089 elementor-widget elementor-widget-image\" data-id=\"d4c9089\" data-element_type=\"widget\" data-widget_type=\"image.default\">\n\t\t\t\t<div class=\"elementor-widget-container\">\n\t\t\t\t\t\t\t\t\t\t\t\t\t\t\t<img decoding=\"async\" width=\"800\" height=\"500\" src=\"https:\/\/cni.hn\/wp-content\/uploads\/2025\/09\/Opportunity-card-CNI-Zona-Logistica.png\" class=\"attachment-large size-large wp-image-6282\" alt=\"\" srcset=\"https:\/\/cni.hn\/wp-content\/uploads\/2025\/09\/Opportunity-card-CNI-Zona-Logistica.png 880w, https:\/\/cni.hn\/wp-content\/uploads\/2025\/09\/Opportunity-card-CNI-Zona-Logistica-300x188.png 300w, https:\/\/cni.hn\/wp-content\/uploads\/2025\/09\/Opportunity-card-CNI-Zona-Logistica-768x480.png 768w, https:\/\/cni.hn\/wp-content\/uploads\/2025\/09\/Opportunity-card-CNI-Zona-Logistica-18x12.png 18w\" sizes=\"(max-width: 800px) 100vw, 800px\" \/>\t\t\t\t\t\t\t\t\t\t\t\t\t\t\t<\/div>\n\t\t\t\t<\/div>\n\t\t\t\t<\/div>\n\t\t\t\t<\/div>\n\t\t<div class=\"elementor-element elementor-element-cb7f583 e-con-full e-flex e-con e-child\" data-id=\"cb7f583\" data-element_type=\"container\">\n\t\t\t\t<div class=\"elementor-element elementor-element-8f82412 elementor-widget__width-initial elementor-widget elementor-widget-heading\" data-id=\"8f82412\" data-element_type=\"widget\" data-widget_type=\"heading.default\">\n\t\t\t\t<div class=\"elementor-widget-container\">\n\t\t\t\t\t<h3 class=\"elementor-heading-title elementor-size-default\"><a href=\"https:\/\/cni.hn\/en\/resource\/opportunity-card-cni-zona-logistica\/\" target=\"_blank\">Descargar<\/a><\/h3>\t\t\t\t<\/div>\n\t\t\t\t<\/div>\n\t\t\t\t<\/div>\n\t\t\t\t<\/div>\n\t\t\t\t<\/div>\n\t\t\t\t\t<\/div>\n\t\t\t\t<\/div>\n\t\t\t\t<\/div>","protected":false},"excerpt":{"rendered":"<p>Oportunidades de Inversi\u00f3n Agroindustria Descargar Infraestructura: Construcci\u00f3n Descargar Infraestructura:Log\u00edstica Descargar<\/p>","protected":false},"author":2,"featured_media":0,"parent":1634,"menu_order":0,"comment_status":"closed","ping_status":"closed","template":"","meta":{"footnotes":""},"class_list":["post-6125","page","type-page","status-publish","hentry"],"yoast_head":"<!-- This site is optimized with the Yoast SEO plugin v24.8.1 - https:\/\/yoast.com\/wordpress\/plugins\/seo\/ -->\n<title>Oportunidades de Inversion - CNI Honduras<\/title>\n<meta name=\"robots\" content=\"index, follow, max-snippet:-1, max-image-preview:large, max-video-preview:-1\" \/>\n<link rel=\"canonical\" href=\"https:\/\/cni.hn\/en\/recursos-cni\/oportunidades-de-inversion\/\" \/>\n<meta property=\"og:locale\" content=\"en_US\" \/>\n<meta property=\"og:type\" content=\"article\" \/>\n<meta property=\"og:title\" content=\"Oportunidades de Inversion - CNI Honduras\" \/>\n<meta property=\"og:description\" content=\"Oportunidades de Inversi\u00f3n Agroindustria Descargar Infraestructura: Construcci\u00f3n Descargar Infraestructura:Log\u00edstica Descargar\" \/>\n<meta property=\"og:url\" content=\"https:\/\/cni.hn\/en\/recursos-cni\/oportunidades-de-inversion\/\" \/>\n<meta property=\"og:site_name\" content=\"CNI Honduras\" \/>\n<meta property=\"article:modified_time\" content=\"2025-09-03T21:46:35+00:00\" \/>\n<meta property=\"og:image\" content=\"https:\/\/cni.hn\/wp-content\/uploads\/2025\/06\/Opportunity-card-CNI-Agroindustria-1.png\" \/>\n\t<meta property=\"og:image:width\" content=\"758\" \/>\n\t<meta property=\"og:image:height\" content=\"592\" \/>\n\t<meta property=\"og:image:type\" content=\"image\/png\" \/>\n<meta name=\"twitter:card\" content=\"summary_large_image\" \/>\n<meta name=\"twitter:label1\" content=\"Est. reading time\" \/>\n\t<meta name=\"twitter:data1\" content=\"1 minute\" \/>\n<script type=\"application\/ld+json\" class=\"yoast-schema-graph\">{\"@context\":\"https:\/\/schema.org\",\"@graph\":[{\"@type\":\"WebPage\",\"@id\":\"https:\/\/cni.hn\/recursos-cni\/oportunidades-de-inversion\/\",\"url\":\"https:\/\/cni.hn\/recursos-cni\/oportunidades-de-inversion\/\",\"name\":\"Oportunidades de Inversion - CNI Honduras\",\"isPartOf\":{\"@id\":\"https:\/\/cni.hn\/#website\"},\"primaryImageOfPage\":{\"@id\":\"https:\/\/cni.hn\/recursos-cni\/oportunidades-de-inversion\/#primaryimage\"},\"image\":{\"@id\":\"https:\/\/cni.hn\/recursos-cni\/oportunidades-de-inversion\/#primaryimage\"},\"thumbnailUrl\":\"https:\/\/cni.hn\/wp-content\/uploads\/2025\/06\/Opportunity-card-CNI-Agroindustria-1.png\",\"datePublished\":\"2025-06-10T20:58:04+00:00\",\"dateModified\":\"2025-09-03T21:46:35+00:00\",\"breadcrumb\":{\"@id\":\"https:\/\/cni.hn\/recursos-cni\/oportunidades-de-inversion\/#breadcrumb\"},\"inLanguage\":\"en-US\",\"potentialAction\":[{\"@type\":\"ReadAction\",\"target\":[\"https:\/\/cni.hn\/recursos-cni\/oportunidades-de-inversion\/\"]}]},{\"@type\":\"ImageObject\",\"inLanguage\":\"en-US\",\"@id\":\"https:\/\/cni.hn\/recursos-cni\/oportunidades-de-inversion\/#primaryimage\",\"url\":\"https:\/\/cni.hn\/wp-content\/uploads\/2025\/06\/Opportunity-card-CNI-Agroindustria-1.png\",\"contentUrl\":\"https:\/\/cni.hn\/wp-content\/uploads\/2025\/06\/Opportunity-card-CNI-Agroindustria-1.png\"},{\"@type\":\"BreadcrumbList\",\"@id\":\"https:\/\/cni.hn\/recursos-cni\/oportunidades-de-inversion\/#breadcrumb\",\"itemListElement\":[{\"@type\":\"ListItem\",\"position\":1,\"name\":\"Home\",\"item\":\"https:\/\/cni.hn\/\"},{\"@type\":\"ListItem\",\"position\":2,\"name\":\"Recursos CNI\",\"item\":\"https:\/\/cni.hn\/recursos-cni\/\"},{\"@type\":\"ListItem\",\"position\":3,\"name\":\"Oportunidades de Inversion\"}]},{\"@type\":\"WebSite\",\"@id\":\"https:\/\/cni.hn\/#website\",\"url\":\"https:\/\/cni.hn\/\",\"name\":\"CNI Honduras\",\"description\":\"\",\"publisher\":{\"@id\":\"https:\/\/cni.hn\/#organization\"},\"potentialAction\":[{\"@type\":\"SearchAction\",\"target\":{\"@type\":\"EntryPoint\",\"urlTemplate\":\"https:\/\/cni.hn\/?s={search_term_string}\"},\"query-input\":{\"@type\":\"PropertyValueSpecification\",\"valueRequired\":true,\"valueName\":\"search_term_string\"}}],\"inLanguage\":\"en-US\"},{\"@type\":\"Organization\",\"@id\":\"https:\/\/cni.hn\/#organization\",\"name\":\"CNI Honduras\",\"url\":\"https:\/\/cni.hn\/\",\"logo\":{\"@type\":\"ImageObject\",\"inLanguage\":\"en-US\",\"@id\":\"https:\/\/cni.hn\/#\/schema\/logo\/image\/\",\"url\":\"https:\/\/cni.hn\/wp-content\/uploads\/2024\/10\/logo-cni.png\",\"contentUrl\":\"https:\/\/cni.hn\/wp-content\/uploads\/2024\/10\/logo-cni.png\",\"width\":390,\"height\":390,\"caption\":\"CNI Honduras\"},\"image\":{\"@id\":\"https:\/\/cni.hn\/#\/schema\/logo\/image\/\"}}]}<\/script>\n<!-- \/ Yoast SEO plugin. -->","yoast_head_json":{"title":"Oportunidades de Inversion - CNI Honduras","robots":{"index":"index","follow":"follow","max-snippet":"max-snippet:-1","max-image-preview":"max-image-preview:large","max-video-preview":"max-video-preview:-1"},"canonical":"https:\/\/cni.hn\/en\/recursos-cni\/oportunidades-de-inversion\/","og_locale":"en_US","og_type":"article","og_title":"Oportunidades de Inversion - CNI Honduras","og_description":"Oportunidades de Inversi\u00f3n Agroindustria Descargar Infraestructura: Construcci\u00f3n Descargar Infraestructura:Log\u00edstica Descargar","og_url":"https:\/\/cni.hn\/en\/recursos-cni\/oportunidades-de-inversion\/","og_site_name":"CNI Honduras","article_modified_time":"2025-09-03T21:46:35+00:00","og_image":[{"width":758,"height":592,"url":"https:\/\/cni.hn\/wp-content\/uploads\/2025\/06\/Opportunity-card-CNI-Agroindustria-1.png","type":"image\/png"}],"twitter_card":"summary_large_image","twitter_misc":{"Est. reading time":"1 minute"},"schema":{"@context":"https:\/\/schema.org","@graph":[{"@type":"WebPage","@id":"https:\/\/cni.hn\/recursos-cni\/oportunidades-de-inversion\/","url":"https:\/\/cni.hn\/recursos-cni\/oportunidades-de-inversion\/","name":"Oportunidades de Inversion - CNI Honduras","isPartOf":{"@id":"https:\/\/cni.hn\/#website"},"primaryImageOfPage":{"@id":"https:\/\/cni.hn\/recursos-cni\/oportunidades-de-inversion\/#primaryimage"},"image":{"@id":"https:\/\/cni.hn\/recursos-cni\/oportunidades-de-inversion\/#primaryimage"},"thumbnailUrl":"https:\/\/cni.hn\/wp-content\/uploads\/2025\/06\/Opportunity-card-CNI-Agroindustria-1.png","datePublished":"2025-06-10T20:58:04+00:00","dateModified":"2025-09-03T21:46:35+00:00","breadcrumb":{"@id":"https:\/\/cni.hn\/recursos-cni\/oportunidades-de-inversion\/#breadcrumb"},"inLanguage":"en-US","potentialAction":[{"@type":"ReadAction","target":["https:\/\/cni.hn\/recursos-cni\/oportunidades-de-inversion\/"]}]},{"@type":"ImageObject","inLanguage":"en-US","@id":"https:\/\/cni.hn\/recursos-cni\/oportunidades-de-inversion\/#primaryimage","url":"https:\/\/cni.hn\/wp-content\/uploads\/2025\/06\/Opportunity-card-CNI-Agroindustria-1.png","contentUrl":"https:\/\/cni.hn\/wp-content\/uploads\/2025\/06\/Opportunity-card-CNI-Agroindustria-1.png"},{"@type":"BreadcrumbList","@id":"https:\/\/cni.hn\/recursos-cni\/oportunidades-de-inversion\/#breadcrumb","itemListElement":[{"@type":"ListItem","position":1,"name":"Home","item":"https:\/\/cni.hn\/"},{"@type":"ListItem","position":2,"name":"Recursos CNI","item":"https:\/\/cni.hn\/recursos-cni\/"},{"@type":"ListItem","position":3,"name":"Oportunidades de Inversion"}]},{"@type":"WebSite","@id":"https:\/\/cni.hn\/#website","url":"https:\/\/cni.hn\/","name":"CNI Honduras","description":"","publisher":{"@id":"https:\/\/cni.hn\/#organization"},"potentialAction":[{"@type":"SearchAction","target":{"@type":"EntryPoint","urlTemplate":"https:\/\/cni.hn\/?s={search_term_string}"},"query-input":{"@type":"PropertyValueSpecification","valueRequired":true,"valueName":"search_term_string"}}],"inLanguage":"en-US"},{"@type":"Organization","@id":"https:\/\/cni.hn\/#organization","name":"CNI Honduras","url":"https:\/\/cni.hn\/","logo":{"@type":"ImageObject","inLanguage":"en-US","@id":"https:\/\/cni.hn\/#\/schema\/logo\/image\/","url":"https:\/\/cni.hn\/wp-content\/uploads\/2024\/10\/logo-cni.png","contentUrl":"https:\/\/cni.hn\/wp-content\/uploads\/2024\/10\/logo-cni.png","width":390,"height":390,"caption":"CNI Honduras"},"image":{"@id":"https:\/\/cni.hn\/#\/schema\/logo\/image\/"}}]}},"_links":{"self":[{"href":"https:\/\/cni.hn\/en\/wp-json\/wp\/v2\/pages\/6125","targetHints":{"allow":["GET"]}}],"collection":[{"href":"https:\/\/cni.hn\/en\/wp-json\/wp\/v2\/pages"}],"about":[{"href":"https:\/\/cni.hn\/en\/wp-json\/wp\/v2\/types\/page"}],"author":[{"embeddable":true,"href":"https:\/\/cni.hn\/en\/wp-json\/wp\/v2\/users\/2"}],"replies":[{"embeddable":true,"href":"https:\/\/cni.hn\/en\/wp-json\/wp\/v2\/comments?post=6125"}],"version-history":[{"count":0,"href":"https:\/\/cni.hn\/en\/wp-json\/wp\/v2\/pages\/6125\/revisions"}],"up":[{"embeddable":true,"href":"https:\/\/cni.hn\/en\/wp-json\/wp\/v2\/pages\/1634"}],"wp:attachment":[{"href":"https:\/\/cni.hn\/en\/wp-json\/wp\/v2\/media?parent=6125"}],"curies":[{"name":"wp","href":"https:\/\/api.w.org\/{rel}","templated":true}]}}