{"id":4155,"date":"2025-01-30T20:45:09","date_gmt":"2025-01-30T20:45:09","guid":{"rendered":"https:\/\/cni-honduras.local\/?page_id=4155"},"modified":"2025-02-10T21:46:26","modified_gmt":"2025-02-10T21:46:26","slug":"elementor-4155","status":"publish","type":"page","link":"https:\/\/cni.hn\/en\/elementor-4155\/","title":{"rendered":"Elementor #4155"},"content":{"rendered":"<div data-elementor-type=\"wp-page\" data-elementor-id=\"4155\" class=\"elementor elementor-4155\" data-elementor-post-type=\"page\">\n\t\t\t\t<div class=\"elementor-element elementor-element-192061b e-flex e-con-boxed e-con e-parent\" data-id=\"192061b\" data-element_type=\"container\">\n\t\t\t\t\t<div class=\"e-con-inner\">\n\t\t\t\t<div class=\"elementor-element elementor-element-b6b410c elementor-widget elementor-widget-animated_chart_widget\" data-id=\"b6b410c\" data-element_type=\"widget\" data-widget_type=\"animated_chart_widget.default\">\n\t\t\t\t<div class=\"elementor-widget-container\">\n\t\t\t\t\t<div class=\"animated-chart-container\" data-widget-id=\"b6b410c\"><\/div>\t\t\t\t<\/div>\n\t\t\t\t<\/div>\n\t\t\t\t\t<\/div>\n\t\t\t\t<\/div>\n\t\t\t\t<\/div>","protected":false},"excerpt":{"rendered":"<p>Haga clic para cambiar de gr\u00e1fico Facilidad para hacer negociosInversi\u00f3n Extranjera DirectaCrecimiento proyectado del PIB Honduras, es el pa\u00eds m\u00e1s confiable para hacer negocios en Centroam\u00e9rica seg\u00fan el \u00cdndice de Complejidad Corporativa (GCBI) 2024, publicado en el 11. \u00b0 informe anual de TMF Group. Elaboraci\u00f3n propia con datos de TMF Group, 2024.<\/p>","protected":false},"author":1,"featured_media":0,"parent":0,"menu_order":0,"comment_status":"closed","ping_status":"closed","template":"","meta":{"footnotes":""},"class_list":["post-4155","page","type-page","status-publish","hentry"],"yoast_head":"<!-- This site is optimized with the Yoast SEO plugin v24.8.1 - https:\/\/yoast.com\/wordpress\/plugins\/seo\/ -->\n<title>Elementor #4155 - CNI Honduras<\/title>\n<meta name=\"robots\" content=\"index, follow, max-snippet:-1, max-image-preview:large, max-video-preview:-1\" \/>\n<link rel=\"canonical\" href=\"https:\/\/cni.hn\/en\/elementor-4155\/\" \/>\n<meta property=\"og:locale\" content=\"en_US\" \/>\n<meta property=\"og:type\" content=\"article\" \/>\n<meta property=\"og:title\" content=\"Elementor #4155 - CNI Honduras\" \/>\n<meta property=\"og:description\" content=\"Haga clic para cambiar de gr\u00e1fico Facilidad para hacer negociosInversi\u00f3n Extranjera DirectaCrecimiento proyectado del PIB Honduras, es el pa\u00eds m\u00e1s confiable para hacer negocios en Centroam\u00e9rica seg\u00fan el \u00cdndice de Complejidad Corporativa (GCBI) 2024, publicado en el 11. \u00b0 informe anual de TMF Group. Elaboraci\u00f3n propia con datos de TMF Group, 2024.\" \/>\n<meta property=\"og:url\" content=\"https:\/\/cni.hn\/en\/elementor-4155\/\" \/>\n<meta property=\"og:site_name\" content=\"CNI Honduras\" \/>\n<meta property=\"article:modified_time\" content=\"2025-02-10T21:46:26+00:00\" \/>\n<meta name=\"twitter:card\" content=\"summary_large_image\" \/>\n<meta name=\"twitter:label1\" content=\"Est. reading time\" \/>\n\t<meta name=\"twitter:data1\" content=\"1 minute\" \/>\n<script type=\"application\/ld+json\" class=\"yoast-schema-graph\">{\"@context\":\"https:\/\/schema.org\",\"@graph\":[{\"@type\":\"WebPage\",\"@id\":\"https:\/\/cni.hn\/elementor-4155\/\",\"url\":\"https:\/\/cni.hn\/elementor-4155\/\",\"name\":\"Elementor #4155 - CNI Honduras\",\"isPartOf\":{\"@id\":\"https:\/\/cni.hn\/#website\"},\"datePublished\":\"2025-01-30T20:45:09+00:00\",\"dateModified\":\"2025-02-10T21:46:26+00:00\",\"breadcrumb\":{\"@id\":\"https:\/\/cni.hn\/elementor-4155\/#breadcrumb\"},\"inLanguage\":\"en-US\",\"potentialAction\":[{\"@type\":\"ReadAction\",\"target\":[\"https:\/\/cni.hn\/elementor-4155\/\"]}]},{\"@type\":\"BreadcrumbList\",\"@id\":\"https:\/\/cni.hn\/elementor-4155\/#breadcrumb\",\"itemListElement\":[{\"@type\":\"ListItem\",\"position\":1,\"name\":\"Home\",\"item\":\"https:\/\/cni.hn\/\"},{\"@type\":\"ListItem\",\"position\":2,\"name\":\"Elementor #4155\"}]},{\"@type\":\"WebSite\",\"@id\":\"https:\/\/cni.hn\/#website\",\"url\":\"https:\/\/cni.hn\/\",\"name\":\"CNI Honduras\",\"description\":\"\",\"publisher\":{\"@id\":\"https:\/\/cni.hn\/#organization\"},\"potentialAction\":[{\"@type\":\"SearchAction\",\"target\":{\"@type\":\"EntryPoint\",\"urlTemplate\":\"https:\/\/cni.hn\/?s={search_term_string}\"},\"query-input\":{\"@type\":\"PropertyValueSpecification\",\"valueRequired\":true,\"valueName\":\"search_term_string\"}}],\"inLanguage\":\"en-US\"},{\"@type\":\"Organization\",\"@id\":\"https:\/\/cni.hn\/#organization\",\"name\":\"CNI Honduras\",\"url\":\"https:\/\/cni.hn\/\",\"logo\":{\"@type\":\"ImageObject\",\"inLanguage\":\"en-US\",\"@id\":\"https:\/\/cni.hn\/#\/schema\/logo\/image\/\",\"url\":\"https:\/\/cni.hn\/wp-content\/uploads\/2024\/10\/logo-cni.png\",\"contentUrl\":\"https:\/\/cni.hn\/wp-content\/uploads\/2024\/10\/logo-cni.png\",\"width\":390,\"height\":390,\"caption\":\"CNI Honduras\"},\"image\":{\"@id\":\"https:\/\/cni.hn\/#\/schema\/logo\/image\/\"}}]}<\/script>\n<!-- \/ Yoast SEO plugin. -->","yoast_head_json":{"title":"Elementor #4155 - CNI Honduras","robots":{"index":"index","follow":"follow","max-snippet":"max-snippet:-1","max-image-preview":"max-image-preview:large","max-video-preview":"max-video-preview:-1"},"canonical":"https:\/\/cni.hn\/en\/elementor-4155\/","og_locale":"en_US","og_type":"article","og_title":"Elementor #4155 - CNI Honduras","og_description":"Haga clic para cambiar de gr\u00e1fico Facilidad para hacer negociosInversi\u00f3n Extranjera DirectaCrecimiento proyectado del PIB Honduras, es el pa\u00eds m\u00e1s confiable para hacer negocios en Centroam\u00e9rica seg\u00fan el \u00cdndice de Complejidad Corporativa (GCBI) 2024, publicado en el 11. \u00b0 informe anual de TMF Group. Elaboraci\u00f3n propia con datos de TMF Group, 2024.","og_url":"https:\/\/cni.hn\/en\/elementor-4155\/","og_site_name":"CNI Honduras","article_modified_time":"2025-02-10T21:46:26+00:00","twitter_card":"summary_large_image","twitter_misc":{"Est. reading time":"1 minute"},"schema":{"@context":"https:\/\/schema.org","@graph":[{"@type":"WebPage","@id":"https:\/\/cni.hn\/elementor-4155\/","url":"https:\/\/cni.hn\/elementor-4155\/","name":"Elementor #4155 - CNI Honduras","isPartOf":{"@id":"https:\/\/cni.hn\/#website"},"datePublished":"2025-01-30T20:45:09+00:00","dateModified":"2025-02-10T21:46:26+00:00","breadcrumb":{"@id":"https:\/\/cni.hn\/elementor-4155\/#breadcrumb"},"inLanguage":"en-US","potentialAction":[{"@type":"ReadAction","target":["https:\/\/cni.hn\/elementor-4155\/"]}]},{"@type":"BreadcrumbList","@id":"https:\/\/cni.hn\/elementor-4155\/#breadcrumb","itemListElement":[{"@type":"ListItem","position":1,"name":"Home","item":"https:\/\/cni.hn\/"},{"@type":"ListItem","position":2,"name":"Elementor #4155"}]},{"@type":"WebSite","@id":"https:\/\/cni.hn\/#website","url":"https:\/\/cni.hn\/","name":"CNI Honduras","description":"","publisher":{"@id":"https:\/\/cni.hn\/#organization"},"potentialAction":[{"@type":"SearchAction","target":{"@type":"EntryPoint","urlTemplate":"https:\/\/cni.hn\/?s={search_term_string}"},"query-input":{"@type":"PropertyValueSpecification","valueRequired":true,"valueName":"search_term_string"}}],"inLanguage":"en-US"},{"@type":"Organization","@id":"https:\/\/cni.hn\/#organization","name":"CNI Honduras","url":"https:\/\/cni.hn\/","logo":{"@type":"ImageObject","inLanguage":"en-US","@id":"https:\/\/cni.hn\/#\/schema\/logo\/image\/","url":"https:\/\/cni.hn\/wp-content\/uploads\/2024\/10\/logo-cni.png","contentUrl":"https:\/\/cni.hn\/wp-content\/uploads\/2024\/10\/logo-cni.png","width":390,"height":390,"caption":"CNI Honduras"},"image":{"@id":"https:\/\/cni.hn\/#\/schema\/logo\/image\/"}}]}},"_links":{"self":[{"href":"https:\/\/cni.hn\/en\/wp-json\/wp\/v2\/pages\/4155","targetHints":{"allow":["GET"]}}],"collection":[{"href":"https:\/\/cni.hn\/en\/wp-json\/wp\/v2\/pages"}],"about":[{"href":"https:\/\/cni.hn\/en\/wp-json\/wp\/v2\/types\/page"}],"author":[{"embeddable":true,"href":"https:\/\/cni.hn\/en\/wp-json\/wp\/v2\/users\/1"}],"replies":[{"embeddable":true,"href":"https:\/\/cni.hn\/en\/wp-json\/wp\/v2\/comments?post=4155"}],"version-history":[{"count":0,"href":"https:\/\/cni.hn\/en\/wp-json\/wp\/v2\/pages\/4155\/revisions"}],"wp:attachment":[{"href":"https:\/\/cni.hn\/en\/wp-json\/wp\/v2\/media?parent=4155"}],"curies":[{"name":"wp","href":"https:\/\/api.w.org\/{rel}","templated":true}]}}