{"id":1634,"date":"2024-11-06T14:24:01","date_gmt":"2024-11-06T14:24:01","guid":{"rendered":"http:\/\/cni-honduras.local\/?page_id=1634"},"modified":"2025-06-23T21:54:50","modified_gmt":"2025-06-23T21:54:50","slug":"recursos-cni","status":"publish","type":"page","link":"https:\/\/cni.hn\/en\/recursos-cni\/","title":{"rendered":"Recursos CNI"},"content":{"rendered":"<div data-elementor-type=\"wp-page\" data-elementor-id=\"1634\" class=\"elementor elementor-1634\" data-elementor-post-type=\"page\">\n\t\t\t\t<div class=\"elementor-element elementor-element-0139b5d e-flex e-con-boxed e-con e-parent\" data-id=\"0139b5d\" data-element_type=\"container\" data-settings=\"{&quot;background_background&quot;:&quot;classic&quot;}\">\n\t\t\t\t\t<div class=\"e-con-inner\">\n\t\t<div class=\"elementor-element elementor-element-1e330ef e-con-full e-flex e-con e-child\" data-id=\"1e330ef\" data-element_type=\"container\">\n\t\t\t\t<div class=\"elementor-element elementor-element-650fa4f elementor-widget elementor-widget-heading\" data-id=\"650fa4f\" data-element_type=\"widget\" data-widget_type=\"heading.default\">\n\t\t\t\t<div class=\"elementor-widget-container\">\n\t\t\t\t\t<h2 class=\"elementor-heading-title elementor-size-default\"><span style=\"color:#FFF;\">Librer\u00eda de <\/span>Recursos<\/h2>\t\t\t\t<\/div>\n\t\t\t\t<\/div>\n\t\t\t\t<div class=\"elementor-element elementor-element-d1fbdb5 elementor-widget elementor-widget-heading\" data-id=\"d1fbdb5\" data-element_type=\"widget\" data-widget_type=\"heading.default\">\n\t\t\t\t<div class=\"elementor-widget-container\">\n\t\t\t\t\t<h2 class=\"elementor-heading-title elementor-size-default\">Bienvenido a la secci\u00f3n de Recursos del Consejo Nacional de Inversiones de Honduras (CNI). Aqu\u00ed encontrar\u00e1s una colecci\u00f3n de herramientas, gu\u00edas, documentos y datos relevantes dise\u00f1ados para apoyar a inversionistas, empresarios y profesionales interesados en el desarrollo econ\u00f3mico y las oportunidades de negocio en Honduras.\n\n<\/h2>\t\t\t\t<\/div>\n\t\t\t\t<\/div>\n\t\t\t\t<\/div>\n\t\t\t\t\t<\/div>\n\t\t\t\t<\/div>\n\t\t<div class=\"elementor-element elementor-element-f825ced e-flex e-con-boxed e-con e-parent\" data-id=\"f825ced\" data-element_type=\"container\">\n\t\t\t\t\t<div class=\"e-con-inner\">\n\t\t\t\t<div class=\"elementor-element elementor-element-515a241 elementor-widget elementor-widget-search\" data-id=\"515a241\" data-element_type=\"widget\" data-settings=\"{&quot;submit_trigger&quot;:&quot;key_enter&quot;,&quot;live_results&quot;:&quot;yes&quot;,&quot;template_id&quot;:&quot;3921&quot;,&quot;minimum_search_characters&quot;:3,&quot;pagination_type_options&quot;:&quot;none&quot;,&quot;results_is_dropdown_width&quot;:&quot;search_field&quot;}\" data-widget_type=\"search.default\">\n\t\t\t\t<div class=\"elementor-widget-container\">\n\t\t\t\t\t\t\t<search class=\"e-search hidden\" role=\"search\">\n\t\t\t<form class=\"e-search-form\" action=\"https:\/\/cni.hn\/en\/\" method=\"get\" data-trp-original-action=\"https:\/\/cni.hn\/en\">\n\n\t\t\t\t\n\t\t\t\t<label class=\"e-search-label\" for=\"search-515a241\">\n\t\t\t\t\t<span class=\"elementor-screen-only\">\n\t\t\t\t\t\tSearch\t\t\t\t\t<\/span>\n\t\t\t\t\t\t\t\t\t<\/label>\n\n\t\t\t\t<div class=\"e-search-input-wrapper\">\n\t\t\t\t\t<input id=\"search-515a241\" placeholder=\"\u00bfBuscas algo espec\u00edfico? Escribe para buscar... o selecciona una carpeta para ver los documentos disponibles\" class=\"e-search-input\" type=\"search\" name=\"s\" value=\"\" autocomplete=\"on\" role=\"combobox\" aria-autocomplete=\"list\" aria-expanded=\"false\" aria-controls=\"results-515a241\" aria-haspopup=\"listbox\">\n\t\t\t\t\t<svg aria-hidden=\"true\" class=\"e-font-icon-svg e-fas-times\" viewbox=\"0 0 352 512\" xmlns=\"http:\/\/www.w3.org\/2000\/svg\"><path d=\"M242.72 256l100.07-100.07c12.28-12.28 12.28-32.19 0-44.48l-22.24-22.24c-12.28-12.28-32.19-12.28-44.48 0L176 189.28 75.93 89.21c-12.28-12.28-32.19-12.28-44.48 0L9.21 111.45c-12.28 12.28-12.28 32.19 0 44.48L109.28 256 9.21 356.07c-12.28 12.28-12.28 32.19 0 44.48l22.24 22.24c12.28 12.28 32.2 12.28 44.48 0L176 322.72l100.07 100.07c12.28 12.28 32.2 12.28 44.48 0l22.24-22.24c12.28-12.28 12.28-32.19 0-44.48L242.72 256z\"><\/path><\/svg>\t\t\t\t\t\t\t\t\t\t<output id=\"results-515a241\" class=\"e-search-results-container hide-loader\" aria-live=\"polite\" aria-atomic=\"true\" aria-label=\"Results for search\" tabindex=\"0\">\n\t\t\t\t\t\t<div class=\"e-search-results\"><\/div>\n\t\t\t\t\t\t\t\t\t\t\t<\/output>\n\t\t\t\t\t\t\t\t\t<\/div>\n\t\t\t\t\n\t\t\t\t\n\t\t\t\t<button class=\"e-search-submit elementor-screen-only\" type=\"submit\" aria-label=\"Search\">\n\t\t\t\t\t\n\t\t\t\t\t\t\t\t\t<\/button>\n\t\t\t\t<input type=\"hidden\" name=\"e_search_props\" value=\"515a241-1634\">\n\t\t\t<input type=\"hidden\" name=\"trp-form-language\" value=\"en\"\/><\/form>\n\t\t<\/search>\n\t\t\t\t\t\t<\/div>\n\t\t\t\t<\/div>\n\t\t<div class=\"elementor-element elementor-element-37aa46e e-con-full e-flex e-con e-child\" data-id=\"37aa46e\" data-element_type=\"container\">\n\t\t<div class=\"elementor-element elementor-element-565e10e e-con-full e-flex e-con e-child\" data-id=\"565e10e\" data-element_type=\"container\" data-settings=\"{&quot;background_background&quot;:&quot;classic&quot;}\">\n\t\t<div class=\"elementor-element elementor-element-5b5d107 e-con-full e-flex e-con e-child\" data-id=\"5b5d107\" data-element_type=\"container\">\n\t\t<div class=\"elementor-element elementor-element-3a46c86 e-con-full e-flex e-con e-child\" data-id=\"3a46c86\" data-element_type=\"container\">\n\t\t\t\t<div class=\"elementor-element elementor-element-c7332f4 elementor-widget elementor-widget-heading\" data-id=\"c7332f4\" data-element_type=\"widget\" data-widget_type=\"heading.default\">\n\t\t\t\t<div class=\"elementor-widget-container\">\n\t\t\t\t\t<h2 class=\"elementor-heading-title elementor-size-default\">Recursos <span style=\"color:#25A966;\">Institucionales<\/span><\/h2>\t\t\t\t<\/div>\n\t\t\t\t<\/div>\n\t\t\t\t<\/div>\n\t\t<div class=\"elementor-element elementor-element-3b5b5f8 e-con-full e-flex e-con e-child\" data-id=\"3b5b5f8\" data-element_type=\"container\">\n\t\t\t\t<div class=\"elementor-element elementor-element-dac35a4 elementor-widget elementor-widget-image\" data-id=\"dac35a4\" data-element_type=\"widget\" data-widget_type=\"image.default\">\n\t\t\t\t<div class=\"elementor-widget-container\">\n\t\t\t\t\t\t\t\t\t\t\t\t\t\t\t\t<a href=\"\/en\/recursos-cni\/institucionales\/\">\n\t\t\t\t\t\t\t<img fetchpriority=\"high\" decoding=\"async\" width=\"800\" height=\"242\" src=\"https:\/\/cni.hn\/wp-content\/uploads\/2025\/04\/ICONO_INSTITUCIONALES.webp\" class=\"attachment-large size-large wp-image-5885\" alt=\"\" srcset=\"https:\/\/cni.hn\/wp-content\/uploads\/2025\/04\/ICONO_INSTITUCIONALES.webp 831w, https:\/\/cni.hn\/wp-content\/uploads\/2025\/04\/ICONO_INSTITUCIONALES-300x91.webp 300w, https:\/\/cni.hn\/wp-content\/uploads\/2025\/04\/ICONO_INSTITUCIONALES-768x232.webp 768w, https:\/\/cni.hn\/wp-content\/uploads\/2025\/04\/ICONO_INSTITUCIONALES-18x5.webp 18w\" sizes=\"(max-width: 800px) 100vw, 800px\" \/>\t\t\t\t\t\t\t\t<\/a>\n\t\t\t\t\t\t\t\t\t\t\t\t\t\t\t<\/div>\n\t\t\t\t<\/div>\n\t\t\t\t<\/div>\n\t\t\t\t<\/div>\n\t\t\t\t<\/div>\n\t\t<div class=\"elementor-element elementor-element-5d7f02e e-con-full e-flex e-con e-child\" data-id=\"5d7f02e\" data-element_type=\"container\" data-settings=\"{&quot;background_background&quot;:&quot;classic&quot;}\">\n\t\t<div class=\"elementor-element elementor-element-15db73a e-con-full e-flex e-con e-child\" data-id=\"15db73a\" data-element_type=\"container\">\n\t\t<div class=\"elementor-element elementor-element-b11a1df e-con-full e-flex e-con e-child\" data-id=\"b11a1df\" data-element_type=\"container\">\n\t\t\t\t<div class=\"elementor-element elementor-element-d680d4e elementor-widget elementor-widget-heading\" data-id=\"d680d4e\" data-element_type=\"widget\" data-widget_type=\"heading.default\">\n\t\t\t\t<div class=\"elementor-widget-container\">\n\t\t\t\t\t<h2 class=\"elementor-heading-title elementor-size-default\">Resources <\/h2>\t\t\t\t<\/div>\n\t\t\t\t<\/div>\n\t\t\t\t<\/div>\n\t\t<div class=\"elementor-element elementor-element-b2d4fba e-con-full e-flex e-con e-child\" data-id=\"b2d4fba\" data-element_type=\"container\">\n\t\t\t\t<div class=\"elementor-element elementor-element-b3ffb9a elementor-widget elementor-widget-image\" data-id=\"b3ffb9a\" data-element_type=\"widget\" data-widget_type=\"image.default\">\n\t\t\t\t<div class=\"elementor-widget-container\">\n\t\t\t\t\t\t\t\t\t\t\t\t\t\t\t\t<a href=\"\/en\/resources\/\">\n\t\t\t\t\t\t\t<img decoding=\"async\" width=\"800\" height=\"240\" src=\"https:\/\/cni.hn\/wp-content\/uploads\/2025\/04\/ICONO_RESOURCES.webp\" class=\"attachment-large size-large wp-image-5887\" alt=\"\" srcset=\"https:\/\/cni.hn\/wp-content\/uploads\/2025\/04\/ICONO_RESOURCES.webp 829w, https:\/\/cni.hn\/wp-content\/uploads\/2025\/04\/ICONO_RESOURCES-300x90.webp 300w, https:\/\/cni.hn\/wp-content\/uploads\/2025\/04\/ICONO_RESOURCES-768x231.webp 768w, https:\/\/cni.hn\/wp-content\/uploads\/2025\/04\/ICONO_RESOURCES-18x5.webp 18w\" sizes=\"(max-width: 800px) 100vw, 800px\" \/>\t\t\t\t\t\t\t\t<\/a>\n\t\t\t\t\t\t\t\t\t\t\t\t\t\t\t<\/div>\n\t\t\t\t<\/div>\n\t\t\t\t<\/div>\n\t\t\t\t<\/div>\n\t\t\t\t<\/div>\n\t\t\t\t<\/div>\n\t\t<div class=\"elementor-element elementor-element-8f2371d e-con-full e-flex e-con e-child\" data-id=\"8f2371d\" data-element_type=\"container\">\n\t\t<div class=\"elementor-element elementor-element-daab361 e-con-full e-flex e-con e-child\" data-id=\"daab361\" data-element_type=\"container\" data-settings=\"{&quot;background_background&quot;:&quot;classic&quot;}\">\n\t\t<div class=\"elementor-element elementor-element-4195ea2 e-con-full e-flex e-con e-child\" data-id=\"4195ea2\" data-element_type=\"container\">\n\t\t<div class=\"elementor-element elementor-element-fb3c1ac e-con-full e-flex e-con e-child\" data-id=\"fb3c1ac\" data-element_type=\"container\">\n\t\t\t\t<div class=\"elementor-element elementor-element-a4e2023 elementor-widget elementor-widget-heading\" data-id=\"a4e2023\" data-element_type=\"widget\" data-widget_type=\"heading.default\">\n\t\t\t\t<div class=\"elementor-widget-container\">\n\t\t\t\t\t<h2 class=\"elementor-heading-title elementor-size-default\">Portafolio de <span style=\"color:#25A966;\">Inversiones<\/span><\/h2>\t\t\t\t<\/div>\n\t\t\t\t<\/div>\n\t\t\t\t<\/div>\n\t\t<div class=\"elementor-element elementor-element-d136dd1 e-con-full e-flex e-con e-child\" data-id=\"d136dd1\" data-element_type=\"container\">\n\t\t\t\t<div class=\"elementor-element elementor-element-7865441 elementor-widget elementor-widget-image\" data-id=\"7865441\" data-element_type=\"widget\" data-widget_type=\"image.default\">\n\t\t\t\t<div class=\"elementor-widget-container\">\n\t\t\t\t\t\t\t\t\t\t\t\t\t\t\t\t<a href=\"\/en\/portafolio-de-inversiones\/\">\n\t\t\t\t\t\t\t<img decoding=\"async\" width=\"800\" height=\"241\" src=\"https:\/\/cni.hn\/wp-content\/uploads\/2025\/04\/ICONO_PORTAFOLIO.webp\" class=\"attachment-large size-large wp-image-5884\" alt=\"\" srcset=\"https:\/\/cni.hn\/wp-content\/uploads\/2025\/04\/ICONO_PORTAFOLIO.webp 831w, https:\/\/cni.hn\/wp-content\/uploads\/2025\/04\/ICONO_PORTAFOLIO-300x90.webp 300w, https:\/\/cni.hn\/wp-content\/uploads\/2025\/04\/ICONO_PORTAFOLIO-768x231.webp 768w, https:\/\/cni.hn\/wp-content\/uploads\/2025\/04\/ICONO_PORTAFOLIO-18x5.webp 18w\" sizes=\"(max-width: 800px) 100vw, 800px\" \/>\t\t\t\t\t\t\t\t<\/a>\n\t\t\t\t\t\t\t\t\t\t\t\t\t\t\t<\/div>\n\t\t\t\t<\/div>\n\t\t\t\t<\/div>\n\t\t\t\t<\/div>\n\t\t\t\t<\/div>\n\t\t<div class=\"elementor-element elementor-element-f85d82a e-con-full e-flex e-con e-child\" data-id=\"f85d82a\" data-element_type=\"container\" data-settings=\"{&quot;background_background&quot;:&quot;classic&quot;}\">\n\t\t<div class=\"elementor-element elementor-element-f9573ef e-con-full e-flex e-con e-child\" data-id=\"f9573ef\" data-element_type=\"container\">\n\t\t<div class=\"elementor-element elementor-element-5f9b56b e-con-full e-flex e-con e-child\" data-id=\"5f9b56b\" data-element_type=\"container\">\n\t\t\t\t<div class=\"elementor-element elementor-element-8d6f8c5 elementor-widget elementor-widget-heading\" data-id=\"8d6f8c5\" data-element_type=\"widget\" data-widget_type=\"heading.default\">\n\t\t\t\t<div class=\"elementor-widget-container\">\n\t\t\t\t\t<h2 class=\"elementor-heading-title elementor-size-default\">Oportunidades de <span style=\"color:#25A966;\">Inversi\u00f3n<\/span><\/h2>\t\t\t\t<\/div>\n\t\t\t\t<\/div>\n\t\t\t\t<\/div>\n\t\t<div class=\"elementor-element elementor-element-3d3633d e-con-full e-flex e-con e-child\" data-id=\"3d3633d\" data-element_type=\"container\">\n\t\t\t\t<div class=\"elementor-element elementor-element-b548fc0 elementor-widget elementor-widget-image\" data-id=\"b548fc0\" data-element_type=\"widget\" data-widget_type=\"image.default\">\n\t\t\t\t<div class=\"elementor-widget-container\">\n\t\t\t\t\t\t\t\t\t\t\t\t\t\t\t\t<a href=\"\/en\/oportunidades-de-inversion\/\">\n\t\t\t\t\t\t\t<img loading=\"lazy\" decoding=\"async\" width=\"800\" height=\"242\" src=\"https:\/\/cni.hn\/wp-content\/uploads\/2025\/04\/ICONO_OPORTUNIDADES.webp\" class=\"attachment-large size-large wp-image-5883\" alt=\"\" srcset=\"https:\/\/cni.hn\/wp-content\/uploads\/2025\/04\/ICONO_OPORTUNIDADES.webp 831w, https:\/\/cni.hn\/wp-content\/uploads\/2025\/04\/ICONO_OPORTUNIDADES-300x91.webp 300w, https:\/\/cni.hn\/wp-content\/uploads\/2025\/04\/ICONO_OPORTUNIDADES-768x232.webp 768w, https:\/\/cni.hn\/wp-content\/uploads\/2025\/04\/ICONO_OPORTUNIDADES-18x5.webp 18w\" sizes=\"(max-width: 800px) 100vw, 800px\" \/>\t\t\t\t\t\t\t\t<\/a>\n\t\t\t\t\t\t\t\t\t\t\t\t\t\t\t<\/div>\n\t\t\t\t<\/div>\n\t\t\t\t<\/div>\n\t\t\t\t<\/div>\n\t\t\t\t<\/div>\n\t\t\t\t<\/div>\n\t\t<div class=\"elementor-element elementor-element-e65745d e-con-full e-flex e-con e-child\" data-id=\"e65745d\" data-element_type=\"container\">\n\t\t<div class=\"elementor-element elementor-element-f20e995 e-con-full e-flex e-con e-child\" data-id=\"f20e995\" data-element_type=\"container\" data-settings=\"{&quot;background_background&quot;:&quot;classic&quot;}\">\n\t\t<div class=\"elementor-element elementor-element-748faec e-con-full e-flex e-con e-child\" data-id=\"748faec\" data-element_type=\"container\">\n\t\t<div class=\"elementor-element elementor-element-4987859 e-con-full e-flex e-con e-child\" data-id=\"4987859\" data-element_type=\"container\">\n\t\t\t\t<div class=\"elementor-element elementor-element-3a61be0 elementor-widget elementor-widget-heading\" data-id=\"3a61be0\" data-element_type=\"widget\" data-widget_type=\"heading.default\">\n\t\t\t\t<div class=\"elementor-widget-container\">\n\t\t\t\t\t<h2 class=\"elementor-heading-title elementor-size-default\">Recursos <span style=\"color:#25A966;\">Para la inversi\u00f3n<\/span><\/h2>\t\t\t\t<\/div>\n\t\t\t\t<\/div>\n\t\t\t\t<\/div>\n\t\t<div class=\"elementor-element elementor-element-405b146 e-con-full e-flex e-con e-child\" data-id=\"405b146\" data-element_type=\"container\">\n\t\t\t\t<div class=\"elementor-element elementor-element-f624f11 elementor-widget elementor-widget-image\" data-id=\"f624f11\" data-element_type=\"widget\" data-widget_type=\"image.default\">\n\t\t\t\t<div class=\"elementor-widget-container\">\n\t\t\t\t\t\t\t\t\t\t\t\t\t\t\t\t<a href=\"https:\/\/cni.hn\/en\/recursos-cni\/recursos-para-la-inversion\/\">\n\t\t\t\t\t\t\t<img loading=\"lazy\" decoding=\"async\" width=\"800\" height=\"242\" src=\"https:\/\/cni.hn\/wp-content\/uploads\/2025\/04\/ICONO_RECURSOS.webp\" class=\"attachment-large size-large wp-image-5886\" alt=\"\" srcset=\"https:\/\/cni.hn\/wp-content\/uploads\/2025\/04\/ICONO_RECURSOS.webp 831w, https:\/\/cni.hn\/wp-content\/uploads\/2025\/04\/ICONO_RECURSOS-300x91.webp 300w, https:\/\/cni.hn\/wp-content\/uploads\/2025\/04\/ICONO_RECURSOS-768x232.webp 768w, https:\/\/cni.hn\/wp-content\/uploads\/2025\/04\/ICONO_RECURSOS-18x5.webp 18w\" sizes=\"(max-width: 800px) 100vw, 800px\" \/>\t\t\t\t\t\t\t\t<\/a>\n\t\t\t\t\t\t\t\t\t\t\t\t\t\t\t<\/div>\n\t\t\t\t<\/div>\n\t\t\t\t<\/div>\n\t\t\t\t<\/div>\n\t\t\t\t<\/div>\n\t\t<div class=\"elementor-element elementor-element-0012cf6 e-con-full e-flex e-con e-child\" data-id=\"0012cf6\" data-element_type=\"container\" data-settings=\"{&quot;background_background&quot;:&quot;classic&quot;}\">\n\t\t<div class=\"elementor-element elementor-element-f99fd01 e-con-full e-flex e-con e-child\" data-id=\"f99fd01\" data-element_type=\"container\">\n\t\t<div class=\"elementor-element elementor-element-66841f3 e-con-full e-flex e-con e-child\" data-id=\"66841f3\" data-element_type=\"container\">\n\t\t\t\t<div class=\"elementor-element elementor-element-709407d elementor-widget elementor-widget-heading\" data-id=\"709407d\" data-element_type=\"widget\" data-widget_type=\"heading.default\">\n\t\t\t\t<div class=\"elementor-widget-container\">\n\t\t\t\t\t<h2 class=\"elementor-heading-title elementor-size-default\">Recursos <span style=\"color:#25A966;\">Legales<\/span><\/h2>\t\t\t\t<\/div>\n\t\t\t\t<\/div>\n\t\t\t\t<\/div>\n\t\t<div class=\"elementor-element elementor-element-dae9959 e-con-full e-flex e-con e-child\" data-id=\"dae9959\" data-element_type=\"container\">\n\t\t\t\t<div class=\"elementor-element elementor-element-0176e75 elementor-widget elementor-widget-image\" data-id=\"0176e75\" data-element_type=\"widget\" data-widget_type=\"image.default\">\n\t\t\t\t<div class=\"elementor-widget-container\">\n\t\t\t\t\t\t\t\t\t\t\t\t\t\t\t\t<a href=\"https:\/\/cni.hn\/en\/recursos-cni\/recursos-legales\/\">\n\t\t\t\t\t\t\t<img loading=\"lazy\" decoding=\"async\" width=\"800\" height=\"241\" src=\"https:\/\/cni.hn\/wp-content\/uploads\/2025\/05\/ICONO_LEGALES.png\" class=\"attachment-large size-large wp-image-6035\" alt=\"\" srcset=\"https:\/\/cni.hn\/wp-content\/uploads\/2025\/05\/ICONO_LEGALES.png 831w, https:\/\/cni.hn\/wp-content\/uploads\/2025\/05\/ICONO_LEGALES-300x90.png 300w, https:\/\/cni.hn\/wp-content\/uploads\/2025\/05\/ICONO_LEGALES-768x231.png 768w, https:\/\/cni.hn\/wp-content\/uploads\/2025\/05\/ICONO_LEGALES-18x5.png 18w\" sizes=\"(max-width: 800px) 100vw, 800px\" \/>\t\t\t\t\t\t\t\t<\/a>\n\t\t\t\t\t\t\t\t\t\t\t\t\t\t\t<\/div>\n\t\t\t\t<\/div>\n\t\t\t\t<\/div>\n\t\t\t\t<\/div>\n\t\t\t\t<\/div>\n\t\t\t\t<\/div>\n\t\t\t\t\t<\/div>\n\t\t\t\t<\/div>\n\t\t\t\t<\/div>","protected":false},"excerpt":{"rendered":"<p>Librer\u00eda de Recursos Bienvenido a la secci\u00f3n de Recursos del Consejo Nacional de Inversiones de Honduras (CNI). Aqu\u00ed encontrar\u00e1s una colecci\u00f3n de herramientas, gu\u00edas, documentos y datos relevantes dise\u00f1ados para apoyar a inversionistas, empresarios y profesionales interesados en el desarrollo econ\u00f3mico y las oportunidades de negocio en Honduras. Buscar Recursos Institucionales Resources Portafolio de Inversiones [&hellip;]<\/p>","protected":false},"author":1,"featured_media":0,"parent":0,"menu_order":0,"comment_status":"closed","ping_status":"closed","template":"","meta":{"footnotes":""},"class_list":["post-1634","page","type-page","status-publish","hentry"],"yoast_head":"<!-- This site is optimized with the Yoast SEO plugin v24.8.1 - https:\/\/yoast.com\/wordpress\/plugins\/seo\/ -->\n<title>Recursos CNI - CNI Honduras<\/title>\n<meta name=\"robots\" content=\"index, follow, max-snippet:-1, max-image-preview:large, max-video-preview:-1\" \/>\n<link rel=\"canonical\" href=\"https:\/\/cni.hn\/en\/recursos-cni\/\" \/>\n<meta property=\"og:locale\" content=\"en_US\" \/>\n<meta property=\"og:type\" content=\"article\" \/>\n<meta property=\"og:title\" content=\"Recursos CNI - CNI Honduras\" \/>\n<meta property=\"og:description\" content=\"Librer\u00eda de Recursos Bienvenido a la secci\u00f3n de Recursos del Consejo Nacional de Inversiones de Honduras (CNI). Aqu\u00ed encontrar\u00e1s una colecci\u00f3n de herramientas, gu\u00edas, documentos y datos relevantes dise\u00f1ados para apoyar a inversionistas, empresarios y profesionales interesados en el desarrollo econ\u00f3mico y las oportunidades de negocio en Honduras. Buscar Recursos Institucionales Resources Portafolio de Inversiones [&hellip;]\" \/>\n<meta property=\"og:url\" content=\"https:\/\/cni.hn\/en\/recursos-cni\/\" \/>\n<meta property=\"og:site_name\" content=\"CNI Honduras\" \/>\n<meta property=\"article:modified_time\" content=\"2025-06-23T21:54:50+00:00\" \/>\n<meta property=\"og:image\" content=\"https:\/\/cni.hn\/wp-content\/uploads\/2025\/04\/ICONO_INSTITUCIONALES.webp\" \/>\n\t<meta property=\"og:image:width\" content=\"831\" \/>\n\t<meta property=\"og:image:height\" content=\"251\" \/>\n\t<meta property=\"og:image:type\" content=\"image\/webp\" \/>\n<meta name=\"twitter:card\" content=\"summary_large_image\" \/>\n<meta name=\"twitter:label1\" content=\"Est. reading time\" \/>\n\t<meta name=\"twitter:data1\" content=\"2 minutes\" \/>\n<script type=\"application\/ld+json\" class=\"yoast-schema-graph\">{\"@context\":\"https:\/\/schema.org\",\"@graph\":[{\"@type\":\"WebPage\",\"@id\":\"https:\/\/cni.hn\/recursos-cni\/\",\"url\":\"https:\/\/cni.hn\/recursos-cni\/\",\"name\":\"Recursos CNI - CNI Honduras\",\"isPartOf\":{\"@id\":\"https:\/\/cni.hn\/#website\"},\"primaryImageOfPage\":{\"@id\":\"https:\/\/cni.hn\/recursos-cni\/#primaryimage\"},\"image\":{\"@id\":\"https:\/\/cni.hn\/recursos-cni\/#primaryimage\"},\"thumbnailUrl\":\"https:\/\/cni.hn\/wp-content\/uploads\/2025\/04\/ICONO_INSTITUCIONALES.webp\",\"datePublished\":\"2024-11-06T14:24:01+00:00\",\"dateModified\":\"2025-06-23T21:54:50+00:00\",\"breadcrumb\":{\"@id\":\"https:\/\/cni.hn\/recursos-cni\/#breadcrumb\"},\"inLanguage\":\"en-US\",\"potentialAction\":[{\"@type\":\"ReadAction\",\"target\":[\"https:\/\/cni.hn\/recursos-cni\/\"]}]},{\"@type\":\"ImageObject\",\"inLanguage\":\"en-US\",\"@id\":\"https:\/\/cni.hn\/recursos-cni\/#primaryimage\",\"url\":\"https:\/\/cni.hn\/wp-content\/uploads\/2025\/04\/ICONO_INSTITUCIONALES.webp\",\"contentUrl\":\"https:\/\/cni.hn\/wp-content\/uploads\/2025\/04\/ICONO_INSTITUCIONALES.webp\"},{\"@type\":\"BreadcrumbList\",\"@id\":\"https:\/\/cni.hn\/recursos-cni\/#breadcrumb\",\"itemListElement\":[{\"@type\":\"ListItem\",\"position\":1,\"name\":\"Home\",\"item\":\"https:\/\/cni.hn\/\"},{\"@type\":\"ListItem\",\"position\":2,\"name\":\"Recursos CNI\"}]},{\"@type\":\"WebSite\",\"@id\":\"https:\/\/cni.hn\/#website\",\"url\":\"https:\/\/cni.hn\/\",\"name\":\"CNI Honduras\",\"description\":\"\",\"potentialAction\":[{\"@type\":\"SearchAction\",\"target\":{\"@type\":\"EntryPoint\",\"urlTemplate\":\"https:\/\/cni.hn\/?s={search_term_string}\"},\"query-input\":{\"@type\":\"PropertyValueSpecification\",\"valueRequired\":true,\"valueName\":\"search_term_string\"}}],\"inLanguage\":\"en-US\"}]}<\/script>\n<!-- \/ Yoast SEO plugin. -->","yoast_head_json":{"title":"Recursos CNI - CNI Honduras","robots":{"index":"index","follow":"follow","max-snippet":"max-snippet:-1","max-image-preview":"max-image-preview:large","max-video-preview":"max-video-preview:-1"},"canonical":"https:\/\/cni.hn\/en\/recursos-cni\/","og_locale":"en_US","og_type":"article","og_title":"Recursos CNI - CNI Honduras","og_description":"Librer\u00eda de Recursos Bienvenido a la secci\u00f3n de Recursos del Consejo Nacional de Inversiones de Honduras (CNI). Aqu\u00ed encontrar\u00e1s una colecci\u00f3n de herramientas, gu\u00edas, documentos y datos relevantes dise\u00f1ados para apoyar a inversionistas, empresarios y profesionales interesados en el desarrollo econ\u00f3mico y las oportunidades de negocio en Honduras. Buscar Recursos Institucionales Resources Portafolio de Inversiones [&hellip;]","og_url":"https:\/\/cni.hn\/en\/recursos-cni\/","og_site_name":"CNI Honduras","article_modified_time":"2025-06-23T21:54:50+00:00","og_image":[{"width":831,"height":251,"url":"https:\/\/cni.hn\/wp-content\/uploads\/2025\/04\/ICONO_INSTITUCIONALES.webp","type":"image\/webp"}],"twitter_card":"summary_large_image","twitter_misc":{"Est. reading time":"2 minutes"},"schema":{"@context":"https:\/\/schema.org","@graph":[{"@type":"WebPage","@id":"https:\/\/cni.hn\/recursos-cni\/","url":"https:\/\/cni.hn\/recursos-cni\/","name":"Recursos CNI - CNI Honduras","isPartOf":{"@id":"https:\/\/cni.hn\/#website"},"primaryImageOfPage":{"@id":"https:\/\/cni.hn\/recursos-cni\/#primaryimage"},"image":{"@id":"https:\/\/cni.hn\/recursos-cni\/#primaryimage"},"thumbnailUrl":"https:\/\/cni.hn\/wp-content\/uploads\/2025\/04\/ICONO_INSTITUCIONALES.webp","datePublished":"2024-11-06T14:24:01+00:00","dateModified":"2025-06-23T21:54:50+00:00","breadcrumb":{"@id":"https:\/\/cni.hn\/recursos-cni\/#breadcrumb"},"inLanguage":"en-US","potentialAction":[{"@type":"ReadAction","target":["https:\/\/cni.hn\/recursos-cni\/"]}]},{"@type":"ImageObject","inLanguage":"en-US","@id":"https:\/\/cni.hn\/recursos-cni\/#primaryimage","url":"https:\/\/cni.hn\/wp-content\/uploads\/2025\/04\/ICONO_INSTITUCIONALES.webp","contentUrl":"https:\/\/cni.hn\/wp-content\/uploads\/2025\/04\/ICONO_INSTITUCIONALES.webp"},{"@type":"BreadcrumbList","@id":"https:\/\/cni.hn\/recursos-cni\/#breadcrumb","itemListElement":[{"@type":"ListItem","position":1,"name":"Home","item":"https:\/\/cni.hn\/"},{"@type":"ListItem","position":2,"name":"Recursos CNI"}]},{"@type":"WebSite","@id":"https:\/\/cni.hn\/#website","url":"https:\/\/cni.hn\/","name":"CNI Honduras","description":"","potentialAction":[{"@type":"SearchAction","target":{"@type":"EntryPoint","urlTemplate":"https:\/\/cni.hn\/?s={search_term_string}"},"query-input":{"@type":"PropertyValueSpecification","valueRequired":true,"valueName":"search_term_string"}}],"inLanguage":"en-US"}]}},"_links":{"self":[{"href":"https:\/\/cni.hn\/en\/wp-json\/wp\/v2\/pages\/1634","targetHints":{"allow":["GET"]}}],"collection":[{"href":"https:\/\/cni.hn\/en\/wp-json\/wp\/v2\/pages"}],"about":[{"href":"https:\/\/cni.hn\/en\/wp-json\/wp\/v2\/types\/page"}],"author":[{"embeddable":true,"href":"https:\/\/cni.hn\/en\/wp-json\/wp\/v2\/users\/1"}],"replies":[{"embeddable":true,"href":"https:\/\/cni.hn\/en\/wp-json\/wp\/v2\/comments?post=1634"}],"version-history":[{"count":0,"href":"https:\/\/cni.hn\/en\/wp-json\/wp\/v2\/pages\/1634\/revisions"}],"wp:attachment":[{"href":"https:\/\/cni.hn\/en\/wp-json\/wp\/v2\/media?parent=1634"}],"curies":[{"name":"wp","href":"https:\/\/api.w.org\/{rel}","templated":true}]}}